{"id":1666,"date":"2014-02-23T04:31:09","date_gmt":"2014-02-23T03:31:09","guid":{"rendered":"http:\/\/www.addkenmerken.net\/blog\/?page_id=1666"},"modified":"2020-09-03T16:22:40","modified_gmt":"2020-09-03T14:22:40","slug":"gast-blogger","status":"publish","type":"page","link":"https:\/\/www.addkenmerken.net\/de\/gastblogger-worden\/","title":{"rendered":"Kontaktformular f\u00fcr Gast-Blogger werden"},"content":{"rendered":"<aside class=\"mashsb-container mashsb-main mashsb-stretched\"><div class=\"mashsb-box\"><div class=\"mashsb-buttons\"><a class=\"mashicon-facebook mash-large mash-center mashsb-noshadow\" href=\"https:\/\/www.facebook.com\/sharer.php?u=https%3A%2F%2Fwww.addkenmerken.net%2Fde%2Fgastblogger-worden%2F%3Futm_source%3Dsharebuttons%26utm_medium%3Dfacebook%26utm_campaign%3Dmashshare\" target=\"_top\" rel=\"nofollow\"><span class=\"icon\"><\/span><span class=\"text\">Teilen Sie<\/span><\/a><a class=\"mashicon-twitter mash-large mash-center mashsb-noshadow\" href=\"https:\/\/twitter.com\/intent\/tweet?text=&amp;url=https:\/\/www.addkenmerken.net\/de\/?p=1666&amp;via=krachtvanADHD\" target=\"_top\" rel=\"nofollow\"><span class=\"icon\"><\/span><span class=\"text\">Zwitschern Sie<\/span><\/a><div class=\"onoffswitch2 mash-large mashsb-noshadow\" style=\"display:none\"><\/div><\/div>\n            <\/div>\n                <div style=\"clear:both\"><\/div><\/aside>\n            <!-- Share buttons by mashshare.net - Version: 4.0.47--><h2>W\u00fcrden Sie gerne ein Gast-Blogger f\u00fcr ADD ADHD HSP - Stand in your Power sein?<\/h2>\n<p>M\u00f6chten Sie einen Beitrag zur <a href=\"https:\/\/www.addkenmerken.net\/de\/blog\/\" target=\"_blank\" rel=\"noopener\">ADD-Merkmale-Blog<\/a>? Das ist m\u00f6glich! Unabh\u00e4ngig davon, ob Sie selbst an ADS oder ADHS leiden, hochsensibel sind, ein Coach im Bereich ADS, ADHS oder HSP sind, Eltern von Kindern mit ADS, ADHS oder HSP sind oder vielleicht mit einem Partner mit AD(H)D leben. Es ist alles m\u00f6glich. Sie k\u00f6nnen das untenstehende Formular ausf\u00fcllen, um sich als Gast-Blogger zu registrieren. Aber lesen Sie zuerst immer diese Seite, um die notwendigen Informationen zu erhalten.<\/p>\n<p>Menschen, die lustige, originelle, informative, interessante, inspirierende oder wiedererkennbare Artikel zum Thema ADS, ADHS, HSP schreiben m\u00f6chten, sind herzlich willkommen. Sie k\u00f6nnen \u00fcber Ihre Erfahrungen schreiben, Ihre Visionen, Erlebnisse, Dinge, die Sie erlebt haben, Tipps, Ratschl\u00e4ge und Informationen teilen, eine inspirierende Geschichte schreiben, Filme austauschen usw. Genau das, was Ihrer Meinung nach f\u00fcr Menschen mit ADS, ADHS und\/oder HSP wertvoll sein k\u00f6nnte. Ihre Artikel m\u00fcssen originell sein und sollten keine Kopien von anderen Websites sein.<\/p>\n<p>F\u00fcllen Sie das Kontaktformular unten auf dieser Seite aus, aber lesen Sie zuerst den Text unten, damit Sie die Regeln f\u00fcr das G\u00e4steblogging kennen.<\/p>\n<h2>Die Regeln f\u00fcr das Bloggen<\/h2>\n<p>Wenn Sie als Gast-Blogger anfangen m\u00f6chten, Artikel im Blog zu schreiben, sollten Sie eine Reihe von Regeln beachten:<\/p>\n<ul>\n<li>In Ihrem eigenen Profil k\u00f6nnen Sie Ihren Namen eintragen und finden ein Feld 'bio'. Stellen Sie sich hier kurz vor und laden Sie ein Profilbild hoch. Diese Informationen werden in der Autorenbox unter Ihrem Artikel platziert, damit die Leser wissen, wer den Artikel geschrieben hat. Sie k\u00f6nnen auch einen Link zu Ihrer eigenen Website und\/oder sozialen Kan\u00e4len einf\u00fcgen. Ihre E-Mail-Adresse wird niemals sichtbar sein.<\/li>\n<\/ul>\n<ul>\n<li>Sie m\u00fcssen auf korrekte Rechtschreibung, Grammatik und Interpunktion achten.<\/li>\n<\/ul>\n<ul>\n<li>Versuchen Sie, Abs\u00e4tze und \u00dcberschriften gut zu nutzen (H1, H2, H3)<\/li>\n<\/ul>\n<ul>\n<li>Mindestens 1 zollfreies Bild hinzuf\u00fcgen. Dies kann ein Foto sein, das Sie selbst aufgenommen haben, oder schauen Sie sich eine Website an, auf der Sie lizenzfreie Fotos finden k\u00f6nnen. Zum Beispiel <a href=\"https:\/\/unsplash.com\/\" target=\"_blank\" rel=\"noopener\">Entbl\u00f6\u00dft<\/a>.<\/li>\n<\/ul>\n<ul>\n<li>Ziel ist es, den Blog mit lustigen, informativen und originellen Artikeln \u00fcber ADS, ADHS und HSP zu erweitern. Ein Artikel von z.B. nur 100 W\u00f6rtern (ein paar S\u00e4tzen) ist normalerweise kein Mehrwert f\u00fcr den Blog. Behalten Sie ein Minimum von 400 W\u00f6rtern bei.<\/li>\n<\/ul>\n<ul>\n<li>Es ist absolut verboten, Artikel von anderen Websites zu kopieren (Duplizieren von Inhalten).<\/li>\n<\/ul>\n<ul>\n<li>Der G\u00e4steblog ist kostenlos f\u00fcr jeden, der \u00fcber ADD, ADHD und HSP schreiben m\u00f6chte. Bitte missbrauchen Sie dies nicht. Es ist nicht erlaubt, in Ihrem Artikel f\u00fcr Ihre eigenen Produkte zu werben, zu praktizieren oder einzukaufen und einen Link zu Ihrem Artikel zu setzen. Wenn sich herausstellt, dass der Hauptzweck Ihrer Blogs die Werbung ist, wird Ihr Artikel m\u00f6glicherweise nicht ver\u00f6ffentlicht.<\/li>\n<\/ul>\n<h2>Anmeldung<\/h2>\n<p>Sobald Sie sich als Gast-Blogger registriert haben, k\u00f6nnen Sie Ihren pers\u00f6nlichen Benutzernamen und Ihr Passwort verwenden, um <strong><a title=\"Login-Gast-Blog\" href=\"https:\/\/www.addkenmerken.net\/wp-login.php\/\" target=\"_blank\" rel=\"noopener\">hier einloggen<\/a><\/strong>. Sobald Sie eingeloggt sind, k\u00f6nnen Sie in Ihrem Profil ein neues Passwort w\u00e4hlen und Ihre Felder als Vor- und Nachname usw. ausf\u00fcllen. F\u00fcllen Sie auch den Kasten 'Bio' aus, indem Sie sich vorstellen und ein Profilbild hinzuf\u00fcgen. Diese Informationen werden in einem Autorenfeld unter Ihrem Artikel angezeigt, damit andere Personen wissen, wer die Nachricht geschrieben hat. Ihre E-Mail-Adresse wird niemals sichtbar sein.<\/p>\n<h2>Artikel schreiben<\/h2>\n<p>Wenn Sie eingeloggt sind, gehen Sie zu 'Nachrichten' oben links im Men\u00fc und w\u00e4hlen Sie 'Neue Nachricht'. Hier k\u00f6nnen Sie Ihren Artikel schreiben, formatieren und Bilder hinzuf\u00fcgen. Sie k\u00f6nnen sich einloggen, wann immer Sie mit Ihrem Artikel fortfahren m\u00f6chten. Klicken Sie einfach auf Konzept speichern. Wenn Ihr Artikel fertig ist, klicken Sie auf 'Ver\u00f6ffentlichen'. Ihr Artikel wird dann in die Warteschlange gestellt. Nachdem Ihr Artikel von uns gepr\u00fcft und genehmigt worden ist, wird er definitiv platziert. Es ist m\u00f6glich, dass das Layout, die Rechtschreibung und die Titel ge\u00e4ndert werden.<\/p>\n<h2>Als Gast-Blogger registrieren<\/h2>\n<p>Wenn Sie also anfangen wollen, \u00fcber das zu bloggen und zu schreiben, was Sie \u00fcber ADD, ADHD oder HSP mitteilen m\u00f6chten, f\u00fcllen Sie bitte das unten stehende Kontaktformular aus, und wir werden uns so schnell wie m\u00f6glich mit Ihnen in Verbindung setzen.<\/p>\n\n<div class=\"wpcf7 no-js\" id=\"wpcf7-f19334-o1\" lang=\"nl-NL\" dir=\"ltr\" data-wpcf7-id=\"19334\">\n<div class=\"screen-reader-response\"><p role=\"status\" aria-live=\"polite\" aria-atomic=\"true\"><\/p> <ul><\/ul><\/div>\n<form action=\"\/de\/wp-json\/wp\/v2\/pages\/1666#wpcf7-f19334-o1\" method=\"post\" class=\"wpcf7-form init\" aria-label=\"Kontaktformular\" novalidate=\"novalidate\" data-status=\"init\" data-trp-original-action=\"\/de\/wp-json\/wp\/v2\/pages\/1666#wpcf7-f19334-o1\">\n<fieldset class=\"hidden-fields-container\"><input type=\"hidden\" name=\"_wpcf7\" value=\"19334\" \/><input type=\"hidden\" name=\"_wpcf7_version\" value=\"6.1.5\" \/><input type=\"hidden\" name=\"_wpcf7_locale\" value=\"nl_NL\" \/><input type=\"hidden\" name=\"_wpcf7_unit_tag\" value=\"wpcf7-f19334-o1\" \/><input type=\"hidden\" name=\"_wpcf7_container_post\" value=\"0\" \/><input type=\"hidden\" name=\"_wpcf7_posted_data_hash\" value=\"\" \/>\n<\/fieldset>\n<p><label> Ihr Name (erforderlich)<br \/>\n<span class=\"wpcf7-form-control-wrap\" data-name=\"your-name\"><input size=\"40\" maxlength=\"400\" class=\"wpcf7-form-control wpcf7-text wpcf7-validates-as-required\" aria-required=\"true\" aria-invalid=\"false\" value=\"\" type=\"text\" name=\"your-name\" \/><\/span> <\/label>\n<\/p>\n<p><label> Ihre E-Mail-Adresse (erforderlich)<br \/>\n<span class=\"wpcf7-form-control-wrap\" data-name=\"your-email\"><input size=\"40\" maxlength=\"400\" class=\"wpcf7-form-control wpcf7-email wpcf7-validates-as-required wpcf7-text wpcf7-validates-as-email\" aria-required=\"true\" aria-invalid=\"false\" value=\"\" type=\"email\" name=\"your-email\" \/><\/span> <\/label>\n<\/p>\n<p><label> Thema<br \/>\n<span class=\"wpcf7-form-control-wrap\" data-name=\"your-subject\"><input size=\"40\" maxlength=\"400\" class=\"wpcf7-form-control wpcf7-text\" aria-invalid=\"false\" value=\"\" type=\"text\" name=\"your-subject\" \/><\/span> <\/label>\n<\/p>\n<p><label> Bitte geben Sie hier an, wie Sie zum Schreiben auf ADDkenmerken.net beitragen m\u00f6chten und geben Sie Ihre m\u00f6gliche Blogging-Erfahrung an.<br \/>\n<span class=\"wpcf7-form-control-wrap\" data-name=\"your-message\"><textarea cols=\"40\" rows=\"10\" maxlength=\"2000\" class=\"wpcf7-form-control wpcf7-textarea\" aria-invalid=\"false\" name=\"your-message\"><\/textarea><\/span> <\/label>\n<\/p>\n<p><input class=\"wpcf7-form-control wpcf7-submit has-spinner\" type=\"submit\" value=\"Versand\" \/>\n<\/p><div class=\"wpcf7-response-output\" aria-hidden=\"true\"><\/div>\n<input type=\"hidden\" name=\"trp-form-language\" value=\"de\"\/><\/form>\n<\/div>","protected":false},"excerpt":{"rendered":"<p>W\u00fcrden Sie gerne ein Gast-Blogger f\u00fcr ADD ADHD HSP - Stand in your Power sein? M\u00f6chten Sie zum ADD-Features-Blog beitragen? Das ist m\u00f6glich! Ob Sie selbst ADD oder ADHS haben, hochsensibel sind, ein Coach im Bereich ADD, ADHD oder HSP, ein Elternteil von Kindern ...<\/p>","protected":false},"author":1,"featured_media":0,"parent":0,"menu_order":0,"comment_status":"closed","ping_status":"closed","template":"","meta":{"_kad_post_transparent":"default","_kad_post_title":"hide","_kad_post_layout":"narrow","_kad_post_sidebar_id":"","_kad_post_content_style":"default","_kad_post_vertical_padding":"default","_kad_post_feature":"","_kad_post_feature_position":"","_kad_post_header":false,"_kad_post_footer":false,"_kad_post_classname":"","footnotes":""},"class_list":["post-1666","page","type-page","status-publish","hentry"],"_links":{"self":[{"href":"https:\/\/www.addkenmerken.net\/de\/wp-json\/wp\/v2\/pages\/1666","targetHints":{"allow":["GET"]}}],"collection":[{"href":"https:\/\/www.addkenmerken.net\/de\/wp-json\/wp\/v2\/pages"}],"about":[{"href":"https:\/\/www.addkenmerken.net\/de\/wp-json\/wp\/v2\/types\/page"}],"author":[{"embeddable":true,"href":"https:\/\/www.addkenmerken.net\/de\/wp-json\/wp\/v2\/users\/1"}],"replies":[{"embeddable":true,"href":"https:\/\/www.addkenmerken.net\/de\/wp-json\/wp\/v2\/comments?post=1666"}],"version-history":[{"count":0,"href":"https:\/\/www.addkenmerken.net\/de\/wp-json\/wp\/v2\/pages\/1666\/revisions"}],"wp:attachment":[{"href":"https:\/\/www.addkenmerken.net\/de\/wp-json\/wp\/v2\/media?parent=1666"}],"curies":[{"name":"wp","href":"https:\/\/api.w.org\/{rel}","templated":true}]}}