{"id":236,"date":"2011-11-26T13:26:59","date_gmt":"2011-11-26T13:26:59","guid":{"rendered":"http:\/\/addkenmerken.net\/?page_id=236"},"modified":"2020-09-01T21:57:44","modified_gmt":"2020-09-01T19:57:44","slug":"adhd-add-und-gesellschaft","status":"publish","type":"page","link":"https:\/\/www.addkenmerken.net\/de\/adhd-add-en-de-maatschappij\/","title":{"rendered":"Leben mit ADS \/ ADHS in der Gesellschaft und in der Schule"},"content":{"rendered":"<aside class=\"mashsb-container mashsb-main mashsb-stretched\"><div class=\"mashsb-box\"><div class=\"mashsb-count mash-large\" style=\"float:left\"><div class=\"counts mashsbcount\">2k<\/div><span class=\"mashsb-sharetext\">gemeinsame Zeit<\/span><\/div><div class=\"mashsb-buttons\"><a class=\"mashicon-facebook mash-large mash-center mashsb-noshadow\" href=\"https:\/\/www.facebook.com\/sharer.php?u=https%3A%2F%2Fwww.addkenmerken.net%2Fde%2Fadhd-add-en-de-maatschappij%2F%3Futm_source%3Dsharebuttons%26utm_medium%3Dfacebook%26utm_campaign%3Dmashshare\" target=\"_top\" rel=\"nofollow\"><span class=\"icon\"><\/span><span class=\"text\">Teilen Sie<\/span><\/a><a class=\"mashicon-twitter mash-large mash-center mashsb-noshadow\" href=\"https:\/\/twitter.com\/intent\/tweet?text=&amp;url=https:\/\/www.addkenmerken.net\/de\/?p=236&amp;via=krachtvanADHD\" target=\"_top\" rel=\"nofollow\"><span class=\"icon\"><\/span><span class=\"text\">Zwitschern Sie<\/span><\/a><div class=\"onoffswitch2 mash-large mashsb-noshadow\" style=\"display:none\"><\/div><\/div>\n            <\/div>\n                <div style=\"clear:both\"><\/div><\/aside>\n            <!-- Share buttons by mashshare.net - Version: 4.0.47--><h2>ADS und ADHS ist Ihre St\u00e4rke, aber schwierig in der Gesellschaft<\/h2>\n<p><img loading=\"lazy\" decoding=\"async\" class=\"alignright wp-image-17238\" src=\"https:\/\/www.addkenmerken.net\/wp-content\/uploads\/2019\/09\/adhd-school.jpg\" alt=\"ADD ADHD im gegenw\u00e4rtigen Schulsystem\" width=\"274\" height=\"286\" title=\"\">Von dem Moment an, in dem ein Kind zur Schule geht, wird an dem nat\u00fcrlichen Geschenk, das ihm gegeben wurde, herumgebastelt, eine Kraft, mit der Sie eine st\u00e4rkere Verbindung zur Lebensenergie haben. Mit dem ADD\/ADHD-Gehirn f\u00fchlen Sie Dinge, Sie haben eine <strong>gute Intuition<\/strong>Als ADD'er\/ADHD'er ist man nicht gezwungen, alles aus dem Kopf heraus zu begreifen, aber man verf\u00fcgt bereits \u00fcber eine Menge Wissen, nur weil man eine Verbindung zum Unterbewusstsein herstellt, die f\u00fcr andere unverst\u00e4ndlich ist. Sie werden auch New-Age-Kinder genannt.<\/p>\n<p>F\u00fcr einen gro\u00dfen Teil der Bev\u00f6lkerung ist es \u00fcberhaupt kein Problem, langsam <strong>programmiert werden<\/strong> durch das, was alles und jeder in Ihrem Leben Ihnen sagt. Sie sind mit einem Gehirn gemacht, das mit allen \u00dcberzeugungen unseres Systems leicht zu programmieren ist. Viele Dinge werden als wahr angenommen, weil all diese Menschen mit dem \"normalen Gehirn\" aus ihrem Verstand leben.<\/p>\n<p>Wenn Sie nur mit dem Verstand leben, sind Sie nicht offen f\u00fcr das, was Ihre Gef\u00fchle, Ihre Seele und Ihre <strong>Instinkt<\/strong> Das ist sehr gut f\u00fcr die Entwicklung einer Gesellschaft, denn wenn jeder das 'ADD\/ADHD-Gehirn' h\u00e4tte, w\u00e4re es sehr schwierig, ein funktionierendes System zu entwickeln. Dies w\u00e4re ein chaotischer Ort. Aber es ist auch wichtig, einem kleinen Teil der Bev\u00f6lkerung diese Macht zu \u00fcberlassen.<\/p>\n<p>&nbsp;<\/p>\n<h3>Das gegenw\u00e4rtige Schulsystem und ADD \/ ADHD<\/h3>\n<p>Das Problem ist also, dass uns von Kindheit an gesagt wird, wie alles funktioniert, wie alles funktionieren muss, wie es funktioniert. Das ist wie ADD'er\/ADHD'er nicht zu verstehen. Wir brauchen es uns nicht sagen zu lassen, weil wir diese tiefere Verbindung mit der Lebensenergie haben. Das gibt uns das Gef\u00fchl, dass die Dinge anders sind, wie es uns von Leuten gesagt wird, die vom \"normalen Gehirn\" leben. Wir wissen, dass die Dinge anders sind, als uns gesagt wird. Aber wir m\u00fcssen uns um jeden Preis in dieses Bild einf\u00fcgen, wie der Rest der Klasse. Wir m\u00fcssen alle Anweisungen genau so befolgen, wie es uns gesagt wird. Aber das k\u00f6nnen wir nicht, weil wir es einfach besser wissen und uns nicht so entwickeln sollen.<\/p>\n<p>Dies gew\u00e4hrleistet <strong>tiefe Frustrationen<\/strong> die sich seit der Kindheit entwickelt haben, also ist es nicht so merkw\u00fcrdig zu denken, dass Menschen mit dem so genannten <a title=\"HINZUF\u00dcGEN\" href=\"https:\/\/www.addkenmerken.net\/de\/symptome-hinzufugen\/\" target=\"_blank\" rel=\"noopener\">HINZUF\u00dcGEN<\/a> oder ADHS-Hirn in vielen F\u00e4llen, verstricken sich auf Dauer und entwickeln alle m\u00f6glichen psychischen Symptome. ADD und ADHS k\u00f6nnen sich daher leicht zu einer St\u00f6rung entwickeln, wenn wir weiter so mit Kindern umgehen, die ein Theta-Hirn haben. Sie verlieren auch die sch\u00f6nen Kr\u00e4fte, die sie mit sich tragen.<\/p>\n<p>Ist Ihnen nie aufgefallen, wie ruhig ADS und ADHS werden, wenn sie in eine auf sie zugeschnittene Umgebung kommen?<\/p>\n<p>Tagt\u00e4glich muss man als AD(H)D'er in das Bild passen, ein Bild, f\u00fcr das unser Gehirn einfach nicht bestimmt ist.<\/p>\n<p>&nbsp;<\/p>\n<h3>Ein ADD'er und ADHD'er braucht keinen blinden F\u00fchrungsstab<\/h3>\n<p>Als Kinder mit ADS und <a href=\"https:\/\/adhdblog.nl\/\" target=\"_blank\" rel=\"noopener\">ADHD<\/a> Das Gehirn ist vergleichbar mit einem blinden Blinden, der einen Blindenstock h\u00e4lt.<\/p>\n<p>Tag f\u00fcr Tag m\u00fcssen wir die Augen vor der tiefen Verbundenheit mit unserer Kraft verschlie\u00dfen. Wie andere brauchen wir dagegen keinen Stock zum Gehen. Wir k\u00f6nnen sehen. Leider wird unser Verhalten als \u00e4rgerlich und schwierig empfunden, obwohl wir einfach nur frustriert sind und nicht verstehen, dass jeder einen Blindenstock braucht. Wir werden in eine Welt versetzt, in der wir uns nicht entwickeln k\u00f6nnen. Tats\u00e4chlich wird es tagein, tagaus zu einem \u00dcberlebenskampf. Lesen Sie die inspirierende Geschichte\u00a0<a title=\"Der verlegte Adler\" href=\"https:\/\/www.addkenmerken.net\/de\/der-fehlplatzierte-adler\/\" target=\"_blank\" rel=\"noopener\">Adler<\/a>\u00a0was das mit ihm gemacht hat.<\/p>\n<p>Es ist, als w\u00fcrde man einen Adler in einen H\u00fchnerstall setzen. Der Adler beginnt immer mehr an sich selbst zu zweifeln. Warum kann ich mich nicht auf das konzentrieren, was man mir sagt. Die H\u00fchner scheinen kein Problem damit zu haben. Sie tun einfach, was man ihnen sagt. Sie lassen sich leicht programmieren. Der Adler beginnt immer mehr an sich zu zweifeln und schlie\u00dft langsam die Augen vor seiner sch\u00f6nen Gabe. Er wird immer unsicherer, gestresster und depressiver.<\/p>\n<p>Vorausgesetzt, wir bekommen Medikamente, die unsere Augen vor unserer St\u00e4rke verschlie\u00dfen, dann brauchen wir diesen blinden Leitfaden nicht. Wir sp\u00fcren, wie die Dinge funktionieren, wir wissen, dass es einen anderen Weg gibt. Man muss uns nicht alles sagen, wie es bei anderen funktioniert. Dann kann man sagen, dass ADS und ADHS eine schlechte Konzentration haben, aber man w\u00fcnscht sich auch etwas von ihnen, wof\u00fcr sie einfach nicht gemacht sind.<\/p>\n<p>Ihre Seele, ihr Gef\u00fchl, ihre Intuition, ihr Instinkt sind so viel weiter entwickelt, weil ihr Theta-Gehirn st\u00e4ndig mit dieser fliessenden, m\u00e4chtigen Energiequelle verbunden ist. Wir wissen vieles besser, sind stur, h\u00f6ren nicht zu, langweilen uns schnell usw. So logisch, dass unser Gehirn sich nach Abenteuern, interessanter Materie, Nervenkitzel usw. sehnt.<strong>. <\/strong>Man l\u00e4sst nicht zu, dass ein Adler zu einer Batterie wird.<strong><br \/>\n<\/strong><\/p>\n<p>&nbsp;<\/p>\n<h3>Eine blinde Welt<\/h3>\n<p>F\u00fcr einen ADS'er und ADHS'er ist es, als w\u00e4re er in einer blinden Welt geboren. Das normale Gehirn braucht \u00fcberall einen blinden Blindenleitstift. F\u00fcr sie ist dieses System genial. Von Kindheit an bekommen sie einen blinden Blindenleitstift. In der Schule werden sie langsam programmiert und lernen auf diese Weise viel Wissen, das sie im Gehirn speichern. Zum Gl\u00fcck f\u00fcr sie funktioniert es so, sonst w\u00fcrden sie es nicht schaffen. Sie haben nicht die tiefere Verbindung mit ihrer Seele, die ihnen sagt, wie die Dinge zusammengesetzt sind. Sie brauchen dieses System.<\/p>\n<p>Ich glaube nicht, dass dies der Grund ist, warum ADSler und ADSler auf diesem Planeten sind. Wir sind nicht blind, wir brauchen diesen blinden Blindenf\u00fchrstab nicht. Jetzt verstehen Sie vielleicht, wie ungeheuer frustrierend es f\u00fcr uns war. Als wir etwa 5 Jahre alt waren, wurden wir Tag f\u00fcr Tag dazu gedr\u00e4ngt, unsere Augen zu schlie\u00dfen und unsere <strong>Macht<\/strong> Wir mussten um jeden Preis die Kontrolle \u00fcber unseren Blindenstock \u00fcbernehmen und unsere Intuition und unsere Gef\u00fchle ausschalten. Warum? Ganz einfach, weil all diese unwissenden Menschen nicht verstehen. Nicht, dass wir besser sind, es ist sehr wichtig, diese Menschen in der Gesellschaft zu haben, sondern dass es auch andere Menschen gibt.<\/p>\n<p>Wussten Sie, dass bis heute nicht bewiesen ist, dass es sich bei ADS und ADS um eine Erkrankung handelt? H\u00e4ufige ADHS- und ADS-Forschung hat nie einen Punkt best\u00e4tigen k\u00f6nnen! Sie betrachtet nur die andere Hirnaktivit\u00e4t und die Dopaminverarbeitung. Es ist in der Tat nachweislich matt, was sagt das aus? gar nichts.<\/p>\n<p>Wenn man sich jetzt mit Etiketten wie ADS und ADHS besch\u00e4ftigt und sich mit ihnen besch\u00e4ftigt, dann denke ich, dass sie v\u00f6llig falsch und au\u00dfer Kontrolle sind. Es sollte ein anderes System geben, das diese Kinder mit dem besonderen Gehirn ausw\u00e4hlt. Diese Kinder sollten in einer Umgebung erzogen werden, die sie verstehen. Eine Umgebung, die sie verstehen, wenn man dies von klein auf tut, dann wird man sehen, was f\u00fcr ungeheuer brillante Kinder man entwickeln kann. Diese Menschen k\u00f6nnen zu brillanten Menschen werden, die wirklich in der Lage sind, eine bessere Welt zu schaffen. Diesen Menschen sollte die M\u00f6glichkeit gegeben werden, ihre Kr\u00e4fte zu entwickeln, anstatt davon \u00fcberzeugt zu werden, dass sie eine St\u00f6rung wie die <a title=\"der verlegte Adler mit ADHS\" href=\"https:\/\/www.addkenmerken.net\/de\/der-fehlplatzierte-adler\/\" target=\"_blank\" rel=\"noopener\">Adler<\/a> im oben genannten Beispiel.<\/p>\n<p>Leider werden wir vorerst gedr\u00e4ngt, uns in das Bild einzuf\u00fcgen, mit all den Frustrationen und Konsequenzen. Unser Gehirn muss aufwachen, damit unsere Kr\u00e4fte abgeschaltet werden, notfalls brauchen wir Medikamente. Dann k\u00f6nnen wir die Augen vor der Kraft verschlie\u00dfen und mit dem Rest mitmachen. Damit Medikamente helfen k\u00f6nnen, aber die Frage ist, ob wir daf\u00fcr bestimmt sind? Es mag eine Stufe sein, aus einem Tal zu klettern, aber sie f\u00fcr den Rest des Lebens zu benutzen? Dann werden wir mit dem Rest in eine Reihe gezogen und wir k\u00f6nnen mitmachen. Ist das der Grund, warum ein ADS'er oder ADHS'er auf die Erde gebracht wurde? Denken Sie an all die <a title=\"Der erfolgreiche ADD&#039;er und ADHD&#039;er\" href=\"https:\/\/www.addkenmerken.net\/de\/der-erfolgreiche-adhd-mann\/\" target=\"_blank\" rel=\"noopener\">Prominente mit ADHS \/ ADD.<\/a>\u00a0Viele von ihnen benutzen nicht einmal Medikamente. Warum? Weil sie ihre Berufung gefunden haben. Wenn Sie etwas finden, in das Sie Ihre volle Kreativit\u00e4t und Leidenschaft eintauchen k\u00f6nnen, wird sich Ihr ADS \/ Ihre ADS als Geschenk ausdr\u00fccken und nur die positiven Aspekte werden hervorgehoben.<\/p>\n<p>Wenn Sie lange genug glauben, dass mit Ihnen etwas nicht stimmt, werden Sie glauben, dass Sie diese Medikamente wirklich brauchen. Wenn Sie sich als ADSler oder ADHSler entwickelt haben, werden Sie feststellen, dass Sie diese Medikamente wirklich nicht brauchen. Gehen Sie \u00f6fter Sport treiben und tun Sie, was Sie interessant finden. Eine einfache Arbeit ist einfach nichts f\u00fcr Sie, Ihre Seele schreit nach mehr!<\/p>\n<p>Wenn Sie Ihre Berufung gefunden haben, werden die Menschen beginnen, Ihre Gabe und Energie als eine riesige Inspirationsquelle zu sehen, und die Rollen werden sich schlie\u00dflich umkehren!<\/p>\n<p>Aber manchmal kann es eine Unterst\u00fctzung durch die Einnahme von (vor\u00fcbergehenden) Medikamenten sein, die daf\u00fcr sorgen, dass man nicht mit all den Dingen, die man im Leben tun muss, stecken bleibt. So beh\u00e4lt man einen besseren \u00dcberblick im Leben und ist vielleicht gl\u00fccklicher, weil man nicht immer auf Zehenspitzen laufen muss. In diesem Fall bevorzuge ich keine Medikamente. Schon gar nicht, weil sich gezeigt hat, dass es eine sehr gute Alternative gibt. Wenn Sie mehr \u00fcber nat\u00fcrliche Unterst\u00fctzung als Alternative zu Ritalin wissen wollen, lesen Sie mehr \u00fcber <a title=\"LTO3\" href=\"https:\/\/www.addkenmerken.net\/de\/lto3\/\" target=\"_blank\" rel=\"noopener\">LTO3<\/a><\/p>\n<p>&nbsp;<\/p>\n<h2>Meine eigene Schulzeit mit ADD<\/h2>\n<p>In der Schule dachte ich immer, ich w\u00e4re anders. Ich konnte dem Lehrer nicht zuh\u00f6ren, fand nicht alles interessant, ich zeichnete, suchte nach Action, schaute aus dem Fenster usw. Alles, was mein Gehirn stimulieren konnte, das war es, was ich suchte. Ich machte ein Spiel daraus, ich mochte es mehr, aus dem Klassenzimmer geschickt zu werden, als nur dieser Gehirnprogrammierung zuzuh\u00f6ren. Ich verstand wirklich nichts \u00fcber die Schule, was ich dort \u00fcberhaupt machte, jeder scheint diesem hinkenden Schwachsinn so leicht zuzuh\u00f6ren.<\/p>\n<p>Wie der Adler dachte ich: \"Ist es das jetzt? Ist es das, wof\u00fcr ich jetzt auf dieser Erde stehe, so langweilig, keine Spannung? Ich verstand \u00fcberhaupt nichts davon. Die Menschen schienen keine tiefere Verbindung zu ihren Seelen zu haben. Sie waren st\u00e4ndig so wach, dass sie so offen daf\u00fcr waren, programmiert zu werden. Ich f\u00fchlte mich so anders, meine Intuition\/mein Instinkt waren st\u00e4ndig mit meinem Gehirn verbunden.<\/p>\n<p class=\"wp-image-4163\" title=\"ADS und ADHS in der Schule - Stress und Reizbarkeit\">In der Grundschule konnte ich noch einigerma\u00dfen gut mithalten. Ich kam mit meinem Verhalten immer noch gut zurecht. Zum Gl\u00fcck konnte ich mich dort gut am\u00fcsieren und es machte mir Spa\u00df. Besonders in den Pausen konnte ich mich gut orientieren. Ich kletterte auf das Dach der Schule, kletterte in B\u00e4umen usw. Mit Freunden auf der Stra\u00dfe waren wir jeden Tag drau\u00dfen und hatten den gr\u00f6\u00dften Spa\u00df. Die Zeit war fantastisch!<\/p>\n<p>Auf dem Gymnasium musste ich es aber durchziehen. So ging es nicht mehr weiter. Ich war wieder mehr damit besch\u00e4ftigt, rausgeschickt zu werden. Ich suchte Action, ich bin im Unterricht verr\u00fcckt geworden. Das kann doch nicht wahr sein, oder? Stunde um Stunde auf einem Stuhl sitzen und diesem Unsinn zuh\u00f6ren, wo bin ich gelandet? Seid ihr alle ein Haufen Computer, die nicht selbstst\u00e4ndig denken? Jedes Mal, wenn mir etwas erkl\u00e4rt wurde, wusste ich nicht, was von mir erwartet wurde. Immer war ich derjenige, der nicht zugeh\u00f6rt hatte. Wie der Adler suchte ich den Nervenkitzel, das Abenteuer, aber ich bekam keine Reaktionen von anderen zur\u00fcck. Ich wurde einsamer und depressiver. Ist es das, was das Leben jetzt zu bieten hat?<\/p>\n<p>Doch irgendwo tief in mir habe ich es immer geschafft, das Gef\u00fchl zu behalten, dass ich nicht verr\u00fcckt bin. Ich hatte so viele Talente und konnte so viel tun, es konnte einfach nicht sein, dass mit mir etwas nicht stimmt. Mein Gehirn war nicht f\u00fcr all diesen Unsinn gemacht. All dieser Unsinn redet, der vom \"normalen Gehirn\" als \u00fcberzeugende Wahrheit angesehen wird und direkt in einem Gehirnlappen irgendwo im Gehirn gespeichert ist. Diese Art, sich Wissen anzueignen, hat nichts mit Gef\u00fchl \/ Instinkt oder Intuition zu tun. Der Lehrer sagt mir das, also ist es so. Ich hatte immer meine eigene Sicht auf alles. Sehr stur vielleicht, wie mir oft gesagt wurde, aber meiner Meinung nach eine sehr gute Qualit\u00e4t.<\/p>\n<p>Intelligenz kommt meiner Meinung nach nicht nur aus dem Verstand des Gehirns, sondern auch aus der Seele. Die Seele kontrolliert den K\u00f6rper und das Gehirn. Auf diese Weise ist die Art und Weise, wie Sie Dinge f\u00fchlen und die Entwicklung Ihrer Intuition, meiner Meinung nach, eine viel gr\u00f6\u00dfere Intelligenz als alles andere, aber speichern Sie sie irgendwo im Gehirn und tun Sie dann nichts mit diesem Wissen. Ich nenne das Gehirn verschmutzen.<\/p>\n<p>Wenn man ein hochentwickeltes Gef\u00fchl hat, kann man so viel erreichen. Man wei\u00df einfach, wie die Dinge getan werden sollten, man f\u00fchlt es, und oft kann man Dinge sofort tun, wenn die Leute einem nicht sagen, wie man sie tun soll, denn dann werden wir keinen Erfolg haben.<\/p>\n<p>Vorhin habe ich beschrieben, dass ich immer das Gef\u00fchl hatte, dass ich anders bin, als h\u00e4tte ich ein tieferes Bewusstsein, das mich meinen Fall anders wahrnehmen l\u00e4sst. Ich konnte nicht verstehen, warum andere dies nicht haben. Jedes Mal wurde ich gezwungen, die Dinge so zu tun, wie es mir aufgetragen wurde. Ich habe es nicht verstanden, habe es immer falsch gemacht, und ich habe 10 Mal so lange gebraucht, um etwas zu meistern. Das klang ziemlich dumm. Es stellte sich jedoch immer wieder heraus, dass ich zehnmal schneller war als andere, wenn ich die Anweisungen nicht befolgte, sondern die Dinge genau so tat, wie ich sie f\u00fcr richtig hielt. Ich habe die Dinge sofort gemeistert. Ich hatte mit wenigen Dingen Schwierigkeiten, verstand alles sofort und war in vielen Dingen oft der Beste. In diesem Moment gab es f\u00fcr mich keine Grenzen. Als ob ich schon alles Wissen h\u00e4tte, um etwas tun zu k\u00f6nnen. Ich f\u00fchle es einfach, ich sehe es vor mir und dann f\u00fchre ich es aus. Das ist die Kraft des Theta- oder ADD \/ ADHD-Gehirns. Es macht Sinn, dass wir uns so schnell langweilen. Wir sind Adler, die in programmierten H\u00fchnern gehalten werden (als Metapher!); (\u00dcbrigens, bei allem Respekt f\u00fcr alle Leute, die nicht \u00fcber die <a href=\"https:\/\/www.addkenmerken.net\/de\/gehirnwellen\/\">Theta-Gehirn<\/a> Diese dominante Gruppe der Bev\u00f6lkerung ist auch sehr wichtig, hat sehr sch\u00f6ne Eigenschaften, Qualit\u00e4ten und Talente) Machen Sie sich dar\u00fcber keinen Fehler.<\/p>\n<p>&nbsp;<\/p>\n<h3>Die Folgen f\u00fcr ADDs und ADHDs<\/h3>\n<p>Viele <span style=\"color: #000000;\">Merkmale von ADD<\/span> und ADHS sind rein tiefe Frustrationen, die sich wie Muster ins Gehirn eingeschlichen haben. Muster, die sich dann tagein, tagaus wiederholen, damit man nicht jeden Tag alles immer wieder neu lernen muss. Das gilt leider sowohl f\u00fcr hilfreiche als auch f\u00fcr wenig hilfreiche Muster. Bei Menschen mit ADS und ADHS muss sich das Gehirn deshalb oft mit folgenden Mustern auseinandersetzen <a title=\"Sekund\u00e4re Beschwerden ADD und ADHD\" href=\"https:\/\/www.addkenmerken.net\/de\/psychische-probleme-fugen-adhd-hinzu\/\" target=\"_blank\" rel=\"noopener\">sekund\u00e4re Beschwerden und St\u00f6rungen<\/a>\u00a0sie sind von ihrer krankheit mit all ihren folgen \u00fcberzeugt. die symptome werden nur schlimmer, wenn man sich t\u00e4glich darauf konzentriert. dies ist zu einem unbewusst wenig hilfreichen muster geworden, das das gehirn rund um die uhr ausf\u00fchrt. etwas, das sie selbst in den Griff bekommen k\u00f6nnen, indem sie ihren fokus verlagern und neue positive neurologie schaffen. mehr dar\u00fcber k\u00f6nnen sie auf der seite \u00fcber\u00a0<a title=\"M\u00f6glichkeiten durch Neuroplastizit\u00e4t\" href=\"https:\/\/www.addkenmerken.net\/de\/neuroplastizitat-und-gedanken\/\" target=\"_blank\" rel=\"noopener\">Neuroplastizit\u00e4t.<\/a><\/p>\n<p style=\"text-align: left;\">Es ist ganz einfach, konzentrieren Sie sich einfach auf die positiven Dinge, und sie werden in Ihrem Leben langsam gr\u00f6\u00dfer werden!<\/p>\n<p>Es ist nicht verwunderlich, dass so viele Menschen mit ADS und ADS sagen, dass sie unter ihrem Niveau arbeiten, dass sie fr\u00fcher oder sp\u00e4ter depressiv werden oder einen Burn-out entwickeln. Sie sind so klug, verstehen so viel, haben so viele Talente, ein so hoch entwickeltes Gef\u00fchlsleben, eine so starke Intuition, sind kreativ, haben Humor usw.<\/p>\n<p>Wo auch immer Sie sich befinden, es wird erwartet, dass Ihr ADS-\/ADS-Gehirn wach ist und in der Beta-Version funktioniert, so dass es offen ist, um leicht mit einem f\u00fcr uns unverst\u00e4ndlichen Programm programmiert werden zu k\u00f6nnen.<strong>.<\/strong><\/p>","protected":false},"excerpt":{"rendered":"<p>ADS und ADHS ist Ihre St\u00e4rke, aber schwierig in der Gesellschaft. Von dem Moment an, in dem ein Kind zur Schule geht, wird an dem nat\u00fcrlichen Geschenk, das ihm gegeben wurde, bereits herumgebastelt. Eine St\u00e4rke, mit der Sie eine st\u00e4rkere Verbindung zur Energie des Lebens haben. Mit dem ADD\/ADHD-Gehirn f\u00fchlt man Dinge, man...<\/p>","protected":false},"author":1,"featured_media":17238,"parent":0,"menu_order":0,"comment_status":"open","ping_status":"closed","template":"","meta":{"_kad_post_transparent":"default","_kad_post_title":"default","_kad_post_layout":"default","_kad_post_sidebar_id":"","_kad_post_content_style":"default","_kad_post_vertical_padding":"default","_kad_post_feature":"","_kad_post_feature_position":"","_kad_post_header":false,"_kad_post_footer":false,"_kad_post_classname":"","footnotes":""},"class_list":["post-236","page","type-page","status-publish","has-post-thumbnail","hentry"],"_links":{"self":[{"href":"https:\/\/www.addkenmerken.net\/de\/wp-json\/wp\/v2\/pages\/236","targetHints":{"allow":["GET"]}}],"collection":[{"href":"https:\/\/www.addkenmerken.net\/de\/wp-json\/wp\/v2\/pages"}],"about":[{"href":"https:\/\/www.addkenmerken.net\/de\/wp-json\/wp\/v2\/types\/page"}],"author":[{"embeddable":true,"href":"https:\/\/www.addkenmerken.net\/de\/wp-json\/wp\/v2\/users\/1"}],"replies":[{"embeddable":true,"href":"https:\/\/www.addkenmerken.net\/de\/wp-json\/wp\/v2\/comments?post=236"}],"version-history":[{"count":0,"href":"https:\/\/www.addkenmerken.net\/de\/wp-json\/wp\/v2\/pages\/236\/revisions"}],"wp:featuredmedia":[{"embeddable":true,"href":"https:\/\/www.addkenmerken.net\/de\/wp-json\/wp\/v2\/media\/17238"}],"wp:attachment":[{"href":"https:\/\/www.addkenmerken.net\/de\/wp-json\/wp\/v2\/media?parent=236"}],"curies":[{"name":"wp","href":"https:\/\/api.w.org\/{rel}","templated":true}]}}