{"id":2476,"date":"2012-06-19T15:47:22","date_gmt":"2012-06-19T13:47:22","guid":{"rendered":"http:\/\/www.addkenmerken.net\/?page_id=2476"},"modified":"2020-09-02T15:05:24","modified_gmt":"2020-09-02T13:05:24","slug":"kontaktformular","status":"publish","type":"page","link":"https:\/\/www.addkenmerken.net\/de\/contactformulier\/","title":{"rendered":"Kontaktformular"},"content":{"rendered":"<aside class=\"mashsb-container mashsb-main mashsb-stretched\"><div class=\"mashsb-box\"><div class=\"mashsb-buttons\"><a class=\"mashicon-facebook mash-large mash-center mashsb-noshadow\" href=\"https:\/\/www.facebook.com\/sharer.php?u=https%3A%2F%2Fwww.addkenmerken.net%2Fde%2Fcontactformulier%2F%3Futm_source%3Dsharebuttons%26utm_medium%3Dfacebook%26utm_campaign%3Dmashshare\" target=\"_top\" rel=\"nofollow\"><span class=\"icon\"><\/span><span class=\"text\">Teilen Sie<\/span><\/a><a class=\"mashicon-twitter mash-large mash-center mashsb-noshadow\" href=\"https:\/\/twitter.com\/intent\/tweet?text=&amp;url=https:\/\/www.addkenmerken.net\/de\/?p=2476&amp;via=krachtvanADHD\" target=\"_top\" rel=\"nofollow\"><span class=\"icon\"><\/span><span class=\"text\">Zwitschern Sie<\/span><\/a><div class=\"onoffswitch2 mash-large mashsb-noshadow\" style=\"display:none\"><\/div><\/div>\n            <\/div>\n                <div style=\"clear:both\"><\/div><\/aside>\n            <!-- Share buttons by mashshare.net - Version: 4.0.47--><h2>Fragen, Anmerkungen, Vorschl\u00e4ge oder Tipps?<\/h2>\n<p>Haben Sie eine allgemeine Frage, Bemerkung, Anregung, einen Tipp oder vielleicht sehen Sie irgendwo auf der Website einen Fehler? Z\u00f6gern Sie nicht, uns \u00fcber das Kontaktformular unten zu kontaktieren. Sie k\u00f6nnen dieses Formular auch verwenden, um Ihre Erfahrungen oder Ihre Lebensgeschichte mitzuteilen. Wenn Sie es w\u00fcnschen, werden wir es auf die Website stellen. Dies kann anonym erfolgen.<br \/>\n&nbsp;<br \/>\n<span class=\"collapseomatic\" id=\"id69f28dbc1f506\"  tabindex=\"0\" title=\"Schauen Sie hier, wenn Sie ein Gast-Blogger werden m\u00f6chten\"    >Schauen Sie hier, wenn Sie ein Gast-Blogger werden m\u00f6chten<\/span><div id=\"target-id69f28dbc1f506\" class=\"collapseomatic_content\">\n&nbsp;<br \/>\nWenn Sie \u00fcber ADS, ADHS, HSP und oder verwandte Themen im Blog \u00fcber ADS-Features schreiben m\u00f6chten, schauen Sie sich die <a href=\"https:\/\/www.addkenmerken.net\/de\/gast-blogger\/\">G\u00e4ste-Blog-Einreichungsseite<\/a> f\u00fcr weitere Informationen und um sich zu registrieren.<\/div>\n<p>Sie k\u00f6nnen auch einen Kommentar in der <a href=\"https:\/\/www.addkenmerken.net\/de\/gastebuch\/\" target=\"_blank\" rel=\"noopener\">G\u00e4stebuch.<\/a> Diese werden einfach nicht beantwortet.<\/p>\n\n<div class=\"wpcf7 no-js\" id=\"wpcf7-f19313-o1\" lang=\"nl-NL\" dir=\"ltr\" data-wpcf7-id=\"19313\">\n<div class=\"screen-reader-response\"><p role=\"status\" aria-live=\"polite\" aria-atomic=\"true\"><\/p> <ul><\/ul><\/div>\n<form action=\"\/de\/wp-json\/wp\/v2\/pages\/2476#wpcf7-f19313-o1\" method=\"post\" class=\"wpcf7-form init\" aria-label=\"Kontaktformular\" novalidate=\"novalidate\" data-status=\"init\" data-trp-original-action=\"\/de\/wp-json\/wp\/v2\/pages\/2476#wpcf7-f19313-o1\">\n<fieldset class=\"hidden-fields-container\"><input type=\"hidden\" name=\"_wpcf7\" value=\"19313\" \/><input type=\"hidden\" name=\"_wpcf7_version\" value=\"6.1.5\" \/><input type=\"hidden\" name=\"_wpcf7_locale\" value=\"nl_NL\" \/><input type=\"hidden\" name=\"_wpcf7_unit_tag\" value=\"wpcf7-f19313-o1\" \/><input type=\"hidden\" name=\"_wpcf7_container_post\" value=\"0\" \/><input type=\"hidden\" name=\"_wpcf7_posted_data_hash\" value=\"\" \/>\n<\/fieldset>\n<p><label> Ihr Name (erforderlich)<br \/>\n<span class=\"wpcf7-form-control-wrap\" data-name=\"your-name\"><input size=\"40\" maxlength=\"400\" class=\"wpcf7-form-control wpcf7-text wpcf7-validates-as-required\" aria-required=\"true\" aria-invalid=\"false\" value=\"\" type=\"text\" name=\"your-name\" \/><\/span> <\/label>\n<\/p>\n<p><label> Ihre E-Mail-Adresse (erforderlich)<br \/>\n<span class=\"wpcf7-form-control-wrap\" data-name=\"your-email\"><input size=\"40\" maxlength=\"400\" class=\"wpcf7-form-control wpcf7-email wpcf7-validates-as-required wpcf7-text wpcf7-validates-as-email\" aria-required=\"true\" aria-invalid=\"false\" value=\"\" type=\"email\" name=\"your-email\" \/><\/span> <\/label>\n<\/p>\n<p><label> Thema<br \/>\n<span class=\"wpcf7-form-control-wrap\" data-name=\"your-subject\"><input size=\"40\" maxlength=\"400\" class=\"wpcf7-form-control wpcf7-text\" aria-invalid=\"false\" value=\"\" type=\"text\" name=\"your-subject\" \/><\/span> <\/label>\n<\/p>\n<p><label> Ihre Nachricht<br \/>\n<span class=\"wpcf7-form-control-wrap\" data-name=\"your-message\"><textarea cols=\"40\" rows=\"10\" maxlength=\"2000\" class=\"wpcf7-form-control wpcf7-textarea\" aria-invalid=\"false\" name=\"your-message\"><\/textarea><\/span> <\/label>\n<\/p>\n<p><input class=\"wpcf7-form-control wpcf7-submit has-spinner\" type=\"submit\" value=\"Versand\" \/>\n<\/p><div class=\"wpcf7-response-output\" aria-hidden=\"true\"><\/div>\n<input type=\"hidden\" name=\"trp-form-language\" value=\"de\"\/><\/form>\n<\/div>\n\n<p>&nbsp;<\/p>\n<p>Melden Sie sich \u00fcber den Link unten f\u00fcr den kostenlosen Newsletter an und Sie erhalten w\u00f6chentlich eine positive E-Mail mit guten Tipps f\u00fcr Ihr t\u00e4gliches Leben mit ADS, ADHS und HSP!<\/p>\n<p><strong><a href=\"https:\/\/www.addkenmerken.net\/de\/newsletter\/\" target=\"_blank\" rel=\"noopener\">&gt; Melden Sie sich f\u00fcr den 'ADD, ADHD, HSP - Be in your Power Newsletter' an.<\/a><\/strong><\/p>\n<p>Sie finden ADDkenmerken.net auch unter <a title=\"Facebook-Seite ADD, ADHD, HSP Stehen Sie in Ihrer Macht\" href=\"https:\/\/www.facebook.com\/ADDADHDHSP\" target=\"_blank\" rel=\"nofollow noopener\">Facebook.<\/a><\/p>\n<p>Auf diese Weise bleiben Sie mit den neuesten Artikeln auf der Website auf dem Laufenden!<\/p>\n<p>Ich gr\u00fc\u00dfe Sie, Jochem.<\/p>","protected":false},"excerpt":{"rendered":"<p>Fragen, Anmerkungen, Vorschl\u00e4ge oder Tipps? Haben Sie eine allgemeine Frage, Bemerkung, Anregung, einen Tipp oder vielleicht sehen Sie irgendwo auf der Website einen Fehler? Z\u00f6gern Sie nicht, uns \u00fcber das Kontaktformular unten zu kontaktieren. Sie k\u00f6nnen dieses Formular auch verwenden, um Ihre Erfahrungen oder Ihre Lebensgeschichte mitzuteilen. Wenn Sie es w\u00fcnschen, werden wir sie auf die Website stellen. Dies kann anonym erfolgen.   Ihre...<\/p>","protected":false},"author":1,"featured_media":0,"parent":0,"menu_order":0,"comment_status":"closed","ping_status":"closed","template":"","meta":{"_kad_post_transparent":"default","_kad_post_title":"hide","_kad_post_layout":"narrow","_kad_post_sidebar_id":"","_kad_post_content_style":"default","_kad_post_vertical_padding":"default","_kad_post_feature":"","_kad_post_feature_position":"","_kad_post_header":false,"_kad_post_footer":false,"_kad_post_classname":"","footnotes":""},"class_list":["post-2476","page","type-page","status-publish","hentry"],"_links":{"self":[{"href":"https:\/\/www.addkenmerken.net\/de\/wp-json\/wp\/v2\/pages\/2476","targetHints":{"allow":["GET"]}}],"collection":[{"href":"https:\/\/www.addkenmerken.net\/de\/wp-json\/wp\/v2\/pages"}],"about":[{"href":"https:\/\/www.addkenmerken.net\/de\/wp-json\/wp\/v2\/types\/page"}],"author":[{"embeddable":true,"href":"https:\/\/www.addkenmerken.net\/de\/wp-json\/wp\/v2\/users\/1"}],"replies":[{"embeddable":true,"href":"https:\/\/www.addkenmerken.net\/de\/wp-json\/wp\/v2\/comments?post=2476"}],"version-history":[{"count":0,"href":"https:\/\/www.addkenmerken.net\/de\/wp-json\/wp\/v2\/pages\/2476\/revisions"}],"wp:attachment":[{"href":"https:\/\/www.addkenmerken.net\/de\/wp-json\/wp\/v2\/media?parent=2476"}],"curies":[{"name":"wp","href":"https:\/\/api.w.org\/{rel}","templated":true}]}}