{"id":6987,"date":"2013-09-01T23:26:31","date_gmt":"2013-09-01T21:26:31","guid":{"rendered":"http:\/\/www.addkenmerken.net\/?page_id=6987"},"modified":"2020-09-09T09:39:43","modified_gmt":"2020-09-09T07:39:43","slug":"haftungsausschluss","status":"publish","type":"page","link":"https:\/\/www.addkenmerken.net\/de\/disclaimer\/","title":{"rendered":"Haftungsausschluss"},"content":{"rendered":"<aside class=\"mashsb-container mashsb-main mashsb-stretched\"><div class=\"mashsb-box\"><div class=\"mashsb-buttons\"><a class=\"mashicon-facebook mash-large mash-center mashsb-noshadow\" href=\"https:\/\/www.facebook.com\/sharer.php?u=https%3A%2F%2Fwww.addkenmerken.net%2Fde%2Fdisclaimer%2F%3Futm_source%3Dsharebuttons%26utm_medium%3Dfacebook%26utm_campaign%3Dmashshare\" target=\"_top\" rel=\"nofollow\"><span class=\"icon\"><\/span><span class=\"text\">Teilen Sie<\/span><\/a><a class=\"mashicon-twitter mash-large mash-center mashsb-noshadow\" href=\"https:\/\/twitter.com\/intent\/tweet?text=&amp;url=https:\/\/www.addkenmerken.net\/de\/?p=6987&amp;via=krachtvanADHD\" target=\"_top\" rel=\"nofollow\"><span class=\"icon\"><\/span><span class=\"text\">Zwitschern Sie<\/span><\/a><div class=\"onoffswitch2 mash-large mashsb-noshadow\" style=\"display:none\"><\/div><\/div>\n            <\/div>\n                <div style=\"clear:both\"><\/div><\/aside>\n            <!-- Share buttons by mashshare.net - Version: 4.0.47--><h1 style=\"text-align: center;\">Haftungsausschluss<\/h1>\n<p>Die Informationen auf der Website addkenmerken.net werden regelm\u00e4\u00dfig aktualisiert und\/oder ge\u00e4ndert. Der Autor beh\u00e4lt sich das Recht vor, \u00c4nderungen mit sofortiger Wirkung und ohne Vorank\u00fcndigung vorzunehmen.<\/p>\n<p>Die Informationen auf dieser Website werden mit st\u00e4ndiger Sorgfalt und Aufmerksamkeit verfasst. Dennoch ist es m\u00f6glich, dass die auf der Website ver\u00f6ffentlichten Informationen unvollst\u00e4ndig und\/oder unrichtig sind.<\/p>\n<p>Obwohl der Administrator alle Anstrengungen unternimmt, um Missbrauch zu verhindern, haftet er nicht f\u00fcr Informationen und\/oder Nachrichten, die von den Benutzern der Website \u00fcber das Internet gesendet werden.<\/p>\n<p>Bestimmte (Hyper-)Links auf dieser Website f\u00fchren zu Websites au\u00dferhalb der Dom\u00e4ne von addkenmerken.net, die nicht im Besitz von addkenmerken.net sind, aber zur Information des Besuchers aufgenommen wurden. Wenn Sie auf diese Links klicken, verlassen Sie die Website von addkenmerken.net. addkenmerken.net ist zwar sehr selektiv in Bezug auf die Websites, auf die sie verweist, kann aber weder f\u00fcr deren Inhalt und Funktion noch f\u00fcr die Qualit\u00e4t der auf diesen Websites angebotenen Produkte oder Dienstleistungen garantieren. addkenmerken.net lehnt jede Haftung f\u00fcr den Inhalt von Websites ab, die nicht von addkenmerken.net gepflegt werden.<\/p>\n<p>Aus den Tipps auf addkenmerken.net k\u00f6nnen keine Rechte abgeleitet werden. Konsultieren Sie bei psychischen und\/oder physischen Beschwerden immer einen Arzt und\/oder Experten. Die Tipps auf addkenmerken.net sind nicht dazu gedacht, psychische und\/oder physische Beschwerden zu beheben, sondern dienen der Information und Unterst\u00fctzung. Bitte konsultieren Sie einen (medizinischen) Experten. addkenmerken.net schlie\u00dft jegliche Haftung f\u00fcr direkte oder indirekte Sch\u00e4den, welcher Art auch immer, aus, die sich aus den vom Autor auf der Website entwickelten Inhalten ergeben oder in irgendeiner Weise damit zusammenh\u00e4ngen.<\/p>\n<p>Die Informationen auf www.addkenmerken.net sind urheberrechtlich gesch\u00fctzt. Die Informationen d\u00fcrfen in keiner Weise kopiert, ver\u00f6ffentlicht oder verteilt werden. Wenn Sie die Erlaubnis erhalten haben, Inhalte auf www.addkenmerken.net zu ver\u00f6ffentlichen, sollten Sie jederzeit einen Link zur Quelle mit einem Anker-Text mit einem Titel platzieren, der gut zu den auf addkenmerken.net erhaltenen Informationen passt.<\/p>\n<p>Eine vollst\u00e4ndige Beschreibung des Urheberrechts finden Sie unter <strong><a title=\"Urheberrecht\" href=\"https:\/\/www.addkenmerken.net\/de\/urheberrecht\/\" target=\"_blank\" rel=\"noopener\">hier<\/a><\/strong>.<\/p>\n<p>&nbsp;<\/p>","protected":false},"excerpt":{"rendered":"<p>Disclaimer De informatie op de website addkenmerken.net wordt geregeld aangevuld en\/of aangepast. De auteur behoudt zich het recht voor om eventuele wijzigingen met onmiddellijke ingang en zonder enige kennisgeving door te voeren. De op deze website getoonde informatie wordt met constante zorg en aandacht geschreven. Desalniettemin is het mogelijk dat informatie die op de site&#8230;<\/p>","protected":false},"author":1,"featured_media":0,"parent":0,"menu_order":0,"comment_status":"closed","ping_status":"closed","template":"","meta":{"_kad_post_transparent":"default","_kad_post_title":"hide","_kad_post_layout":"narrow","_kad_post_sidebar_id":"","_kad_post_content_style":"default","_kad_post_vertical_padding":"default","_kad_post_feature":"","_kad_post_feature_position":"","_kad_post_header":false,"_kad_post_footer":false,"_kad_post_classname":"","footnotes":""},"class_list":["post-6987","page","type-page","status-publish","hentry"],"_links":{"self":[{"href":"https:\/\/www.addkenmerken.net\/de\/wp-json\/wp\/v2\/pages\/6987","targetHints":{"allow":["GET"]}}],"collection":[{"href":"https:\/\/www.addkenmerken.net\/de\/wp-json\/wp\/v2\/pages"}],"about":[{"href":"https:\/\/www.addkenmerken.net\/de\/wp-json\/wp\/v2\/types\/page"}],"author":[{"embeddable":true,"href":"https:\/\/www.addkenmerken.net\/de\/wp-json\/wp\/v2\/users\/1"}],"replies":[{"embeddable":true,"href":"https:\/\/www.addkenmerken.net\/de\/wp-json\/wp\/v2\/comments?post=6987"}],"version-history":[{"count":0,"href":"https:\/\/www.addkenmerken.net\/de\/wp-json\/wp\/v2\/pages\/6987\/revisions"}],"wp:attachment":[{"href":"https:\/\/www.addkenmerken.net\/de\/wp-json\/wp\/v2\/media?parent=6987"}],"curies":[{"name":"wp","href":"https:\/\/api.w.org\/{rel}","templated":true}]}}