{"id":6989,"date":"2013-09-01T23:30:29","date_gmt":"2013-09-01T21:30:29","guid":{"rendered":"http:\/\/www.addkenmerken.net\/?page_id=6989"},"modified":"2020-09-03T19:00:58","modified_gmt":"2020-09-03T17:00:58","slug":"urheberrecht","status":"publish","type":"page","link":"https:\/\/www.addkenmerken.net\/de\/copyright\/","title":{"rendered":"Urheberrecht"},"content":{"rendered":"<aside class=\"mashsb-container mashsb-main mashsb-stretched\"><div class=\"mashsb-box\"><div class=\"mashsb-buttons\"><a class=\"mashicon-facebook mash-large mash-center mashsb-noshadow\" href=\"https:\/\/www.facebook.com\/sharer.php?u=https%3A%2F%2Fwww.addkenmerken.net%2Fde%2Fcopyright%2F%3Futm_source%3Dsharebuttons%26utm_medium%3Dfacebook%26utm_campaign%3Dmashshare\" target=\"_top\" rel=\"nofollow\"><span class=\"icon\"><\/span><span class=\"text\">Teilen Sie<\/span><\/a><a class=\"mashicon-twitter mash-large mash-center mashsb-noshadow\" href=\"https:\/\/twitter.com\/intent\/tweet?text=&amp;url=https:\/\/www.addkenmerken.net\/de\/?p=6989&amp;via=krachtvanADHD\" target=\"_top\" rel=\"nofollow\"><span class=\"icon\"><\/span><span class=\"text\">Zwitschern Sie<\/span><\/a><div class=\"onoffswitch2 mash-large mashsb-noshadow\" style=\"display:none\"><\/div><\/div>\n            <\/div>\n                <div style=\"clear:both\"><\/div><\/aside>\n            <!-- Share buttons by mashshare.net - Version: 4.0.47--><h1 style=\"text-align: center;\">Urheberrecht<\/h1>\n<p>Die Informationen auf www.addkenmerken.net unterliegen dem Urheberrecht. Die Informationen d\u00fcrfen in keiner Weise kopiert, ver\u00f6ffentlicht oder verbreitet werden. Sie sind daher nicht berechtigt, die Seite oder Teile davon ohne ausdr\u00fcckliche schriftliche Genehmigung zu kopieren und selbst zu verbreiten, z.B. \u00fcber eine eigene Website. Dazu k\u00f6nnen Sie das Kontaktformular verwenden.<\/p>\n<p>Das Teilen von Inhalten auf www.addkenmerken.net \u00fcber soziale Netzwerke wie Like (Facebook) oder Tweet (Twitter) ist nat\u00fcrlich erlaubt. Nat\u00fcrlich k\u00f6nnen Sie auch einfach nur eine Url einer Seite auf www.addkenmerken.net auf alle m\u00f6glichen Arten teilen, wie z.B. \u00fcber soziale Netzwerke, Foren, Chats usw. Die Verlinkung auf addkenmerken.net ist sehr willkommen und kann auch durch <strong><a title=\"Link-Austausch mit ADD features.net\" href=\"https:\/\/www.addkenmerken.net\/de\/link-austausch\/\">Link-Austausch<\/a><\/strong> getan werden.<\/p>\n<h2><span style=\"color: #000000;\">Kopieren von Text aus addcharacteristics.net<\/span><\/h2>\n<p>Wenn Sie die Erlaubnis erhalten haben, Inhalte, die Sie auf www.addkenmerken.net gefunden haben, zu ver\u00f6ffentlichen, bitten wir Sie, diese Texte mit einer korrekten, deutlich sichtbaren und anklickbaren Quellenangabe zu beenden. Diese Quellenangabe muss die folgenden Anforderungen erf\u00fcllen<\/p>\n<ul>\n<li>Die Quelle erh\u00e4lt den Titel \"www.addkenmerken.net\".<\/li>\n<li>Der Titel ist ein anklickbarer Hyperlink, der auf den Originalartikel auf www.addkenmerken.net verweist.<\/li>\n<li>Sie verlinken auch mit 2 Schl\u00fcsselw\u00f6rtern im Artikel auf den Originalartikel.<\/li>\n<li>Der Link oder die Website darf keine Elemente enthalten, die sowohl Besucher als auch Suchmaschinen daran hindern, dem Link zu folgen, daher ist die Verwendung des 'rel='nofollow'-Tags nicht erlaubt.<\/li>\n<li>Der Link enth\u00e4lt ein beschreibendes Titel-Tag.<\/li>\n<\/ul>\n<p>&nbsp;<\/p>","protected":false},"excerpt":{"rendered":"<p>Copyright Op de informatie op www.addkenmerken.net\u00a0is copyright van toepassing. De informatie mag niet worden gekopieerd, gepubliceerd of verspreid op welke wijze dan ook. U bent daarom niet bevoegd om de site of gedeelten daarvan te kopi\u00ebren en zelf te gaan verspreiden bijvoorbeeld d.m.v. uw eigen website zonder uitdrukkelijke schriftelijke toestemming. Je kunt daarvoor gebruik maken&#8230;<\/p>","protected":false},"author":1,"featured_media":0,"parent":0,"menu_order":0,"comment_status":"closed","ping_status":"closed","template":"","meta":{"_kad_post_transparent":"default","_kad_post_title":"hide","_kad_post_layout":"narrow","_kad_post_sidebar_id":"","_kad_post_content_style":"default","_kad_post_vertical_padding":"default","_kad_post_feature":"","_kad_post_feature_position":"","_kad_post_header":false,"_kad_post_footer":false,"_kad_post_classname":"","footnotes":""},"class_list":["post-6989","page","type-page","status-publish","hentry"],"_links":{"self":[{"href":"https:\/\/www.addkenmerken.net\/de\/wp-json\/wp\/v2\/pages\/6989","targetHints":{"allow":["GET"]}}],"collection":[{"href":"https:\/\/www.addkenmerken.net\/de\/wp-json\/wp\/v2\/pages"}],"about":[{"href":"https:\/\/www.addkenmerken.net\/de\/wp-json\/wp\/v2\/types\/page"}],"author":[{"embeddable":true,"href":"https:\/\/www.addkenmerken.net\/de\/wp-json\/wp\/v2\/users\/1"}],"replies":[{"embeddable":true,"href":"https:\/\/www.addkenmerken.net\/de\/wp-json\/wp\/v2\/comments?post=6989"}],"version-history":[{"count":0,"href":"https:\/\/www.addkenmerken.net\/de\/wp-json\/wp\/v2\/pages\/6989\/revisions"}],"wp:attachment":[{"href":"https:\/\/www.addkenmerken.net\/de\/wp-json\/wp\/v2\/media?parent=6989"}],"curies":[{"name":"wp","href":"https:\/\/api.w.org\/{rel}","templated":true}]}}