{"id":1666,"date":"2014-02-23T04:31:09","date_gmt":"2014-02-23T03:31:09","guid":{"rendered":"http:\/\/www.addkenmerken.net\/blog\/?page_id=1666"},"modified":"2020-09-03T16:22:40","modified_gmt":"2020-09-03T14:22:40","slug":"blogueur-invite","status":"publish","type":"page","link":"https:\/\/www.addkenmerken.net\/fr\/gastblogger-worden\/","title":{"rendered":"Formulaire de contact pour les blogueurs invit\u00e9s"},"content":{"rendered":"<aside class=\"mashsb-container mashsb-main mashsb-stretched\"><div class=\"mashsb-box\"><div class=\"mashsb-buttons\"><a class=\"mashicon-facebook mash-large mash-center mashsb-noshadow\" href=\"https:\/\/www.facebook.com\/sharer.php?u=https%3A%2F%2Fwww.addkenmerken.net%2Ffr%2Fgastblogger-worden%2F%3Futm_source%3Dsharebuttons%26utm_medium%3Dfacebook%26utm_campaign%3Dmashshare\" target=\"_top\" rel=\"nofollow\"><span class=\"icon\"><\/span><span class=\"text\">Partager<\/span><\/a><a class=\"mashicon-twitter mash-large mash-center mashsb-noshadow\" href=\"https:\/\/twitter.com\/intent\/tweet?text=&amp;url=https:\/\/www.addkenmerken.net\/fr\/?p=1666&amp;via=krachtvanADHD\" target=\"_top\" rel=\"nofollow\"><span class=\"icon\"><\/span><span class=\"text\">Tweet<\/span><\/a><div class=\"onoffswitch2 mash-large mashsb-noshadow\" style=\"display:none\"><\/div><\/div>\n            <\/div>\n                <div style=\"clear:both\"><\/div><\/aside>\n            <!-- Share buttons by mashshare.net - Version: 4.0.47--><h2>Aimeriez-vous \u00eatre un blogueur invit\u00e9 pour ADD ADHD HSP - Stand in your Power ?<\/h2>\n<p>Vous souhaitez contribuer \u00e0 la <a href=\"https:\/\/www.addkenmerken.net\/fr\/blog\/\" target=\"_blank\" rel=\"noopener\">ADD Blog des caract\u00e9ristiques<\/a>? C'est possible ! Que vous soyez vous-m\u00eame atteint de TDA ou de TDAH, que vous soyez tr\u00e8s sensible, que vous soyez coach dans le domaine du TDA, du TDAH ou du HSP, que vous soyez parent d'enfants atteints de TDA, de TDAH ou de HSP, ou que vous viviez peut-\u00eatre avec un partenaire atteint de TDA(H)D. Tout est possible. Vous pouvez remplir le formulaire ci-dessous pour vous inscrire en tant que blogueur invit\u00e9. Mais lisez d'abord cette page en permanence pour obtenir les informations n\u00e9cessaires.<\/p>\n<p>Les personnes qui veulent \u00e9crire des articles amusants, originaux, informatifs, int\u00e9ressants, inspirants ou reconnaissables li\u00e9s au TDA, TDAH, HSP sont les bienvenus. Vous pouvez \u00e9crire sur vos exp\u00e9riences, partager vos visions, des choses que vous avez v\u00e9cues, partager des conseils, des astuces et des informations, \u00e9crire une histoire inspirante, partager des films, etc. Vos articles doivent \u00eatre originaux et ne doivent pas \u00eatre des copies d'autres sites web. Vous aimez cela ?<\/p>\n<p>Remplissez le formulaire de contact au bas de cette page, mais lisez d'abord le texte ci-dessous pour conna\u00eetre les r\u00e8gles relatives aux blogs d'invit\u00e9s.<\/p>\n<h2>Les r\u00e8gles pour les blogs<\/h2>\n<p>Si vous souhaitez commencer \u00e0 \u00e9crire des articles sur le blog en tant que blogueur invit\u00e9, il y a un certain nombre de r\u00e8gles que vous devez garder \u00e0 l'esprit :<\/p>\n<ul>\n<li>Dans votre propre profil, vous pouvez remplir votre nom et trouver une case \"bio\". Pr\u00e9sentez-vous bri\u00e8vement ici et t\u00e9l\u00e9chargez une photo de profil. Ces informations seront plac\u00e9es dans la case de l'auteur sous votre article afin que les lecteurs sachent qui a \u00e9crit l'article. Vous pouvez \u00e9galement inclure un lien vers votre propre site web et\/ou vers des canaux sociaux. Votre adresse \u00e9lectronique ne sera jamais visible.<\/li>\n<\/ul>\n<ul>\n<li>Vous devez veiller \u00e0 l'orthographe, \u00e0 la grammaire et \u00e0 la ponctuation correctes.<\/li>\n<\/ul>\n<ul>\n<li>Essayez de faire bon usage des paragraphes et des titres (H1, H2, H3)<\/li>\n<\/ul>\n<ul>\n<li>Ajoutez au moins une photo hors taxes. Il peut s'agir d'une photo que vous avez prise vous-m\u00eame ou d'un site o\u00f9 vous pouvez trouver des photos libres de droits. Par exemple <a href=\"https:\/\/unsplash.com\/\" target=\"_blank\" rel=\"noopener\">Unsplash<\/a>.<\/li>\n<\/ul>\n<ul>\n<li>L'objectif est d'enrichir le blog avec des articles amusants, informatifs et originaux sur les TDA, les TDAH et les HSP. Un article de seulement 100 mots (quelques phrases), par exemple, n'apporte g\u00e9n\u00e9ralement aucune valeur ajout\u00e9e au blog. Gardez un minimum de 400 mots.<\/li>\n<\/ul>\n<ul>\n<li>Il est absolument interdit de copier les articles d'autres sites web (duplicate content).<\/li>\n<\/ul>\n<ul>\n<li>Le blog invit\u00e9 est gratuit pour tous ceux qui veulent \u00e9crire sur les TDA, TDAH et PSS. N'en abusez pas. Il n'est pas permis de promouvoir vos propres produits, de pratiquer ou de faire du shopping dans votre article et de faire un lien vers celui-ci. S'il s'av\u00e8re que le but principal de vos blogs est de faire de la publicit\u00e9, votre article ne peut pas \u00eatre publi\u00e9.<\/li>\n<\/ul>\n<h2>Connexion<\/h2>\n<p>Une fois que vous vous \u00eates inscrit en tant que blogueur invit\u00e9, vous pouvez utiliser votre nom d'utilisateur et votre mot de passe personnels pour <strong><a title=\"Connexion au blog des invit\u00e9s\" href=\"https:\/\/www.addkenmerken.net\/wp-login.php\/\" target=\"_blank\" rel=\"noopener\">Connectez-vous ici<\/a><\/strong>. Une fois connect\u00e9, vous pouvez choisir un nouveau mot de passe dans votre profil et remplir vos champs comme votre nom et pr\u00e9nom, etc. Remplissez \u00e9galement la case \"bio\" en vous pr\u00e9sentant et ajoutez une photo de profil. Ces informations seront affich\u00e9es dans une bo\u00eete d'auteur sous votre article afin que d'autres personnes sachent qui a \u00e9crit le message. Votre adresse \u00e9lectronique ne sera jamais visible.<\/p>\n<h2>Ecrire un article<\/h2>\n<p>Lorsque vous \u00eates connect\u00e9, allez dans la section \"Messages\" en haut \u00e0 gauche du menu et choisissez \"nouveau message\". Ici, vous pouvez \u00e9crire votre article, le formater et ajouter des images. Vous pouvez vous connecter \u00e0 tout moment pour poursuivre votre article. Il suffit de cliquer sur le concept de sauvegarde. Lorsque votre article est termin\u00e9, cliquez sur \"Publier\". Votre article sera alors mis en file d'attente. Apr\u00e8s v\u00e9rification et approbation par nos soins, votre article sera d\u00e9finitivement plac\u00e9. Il est possible que la mise en page, l'orthographe et les titres soient modifi\u00e9s.<\/p>\n<h2>S'inscrire en tant que blogueur invit\u00e9<\/h2>\n<p>Donc si vous voulez commencer \u00e0 bloguer et \u00e0 \u00e9crire sur ce que vous voulez partager sur les TDA, TDAH ou HSP, veuillez remplir le formulaire de contact ci-dessous et nous vous r\u00e9pondrons d\u00e8s que possible.<\/p>\n\n<div class=\"wpcf7 no-js\" id=\"wpcf7-f19334-o1\" lang=\"nl-NL\" dir=\"ltr\" data-wpcf7-id=\"19334\">\n<div class=\"screen-reader-response\"><p role=\"status\" aria-live=\"polite\" aria-atomic=\"true\"><\/p> <ul><\/ul><\/div>\n<form action=\"\/fr\/wp-json\/wp\/v2\/pages\/1666#wpcf7-f19334-o1\" method=\"post\" class=\"wpcf7-form init\" aria-label=\"Formulaire de contact\" novalidate=\"novalidate\" data-status=\"init\" data-trp-original-action=\"\/fr\/wp-json\/wp\/v2\/pages\/1666#wpcf7-f19334-o1\">\n<fieldset class=\"hidden-fields-container\"><input type=\"hidden\" name=\"_wpcf7\" value=\"19334\" \/><input type=\"hidden\" name=\"_wpcf7_version\" value=\"6.1.5\" \/><input type=\"hidden\" name=\"_wpcf7_locale\" value=\"nl_NL\" \/><input type=\"hidden\" name=\"_wpcf7_unit_tag\" value=\"wpcf7-f19334-o1\" \/><input type=\"hidden\" name=\"_wpcf7_container_post\" value=\"0\" \/><input type=\"hidden\" name=\"_wpcf7_posted_data_hash\" value=\"\" \/>\n<\/fieldset>\n<p><label> Votre nom (obligatoire)<br \/>\n<span class=\"wpcf7-form-control-wrap\" data-name=\"your-name\"><input size=\"40\" maxlength=\"400\" class=\"wpcf7-form-control wpcf7-text wpcf7-validates-as-required\" aria-required=\"true\" aria-invalid=\"false\" value=\"\" type=\"text\" name=\"your-name\" \/><\/span> <\/label>\n<\/p>\n<p><label> Votre adresse \u00e9lectronique (obligatoire)<br \/>\n<span class=\"wpcf7-form-control-wrap\" data-name=\"your-email\"><input size=\"40\" maxlength=\"400\" class=\"wpcf7-form-control wpcf7-email wpcf7-validates-as-required wpcf7-text wpcf7-validates-as-email\" aria-required=\"true\" aria-invalid=\"false\" value=\"\" type=\"email\" name=\"your-email\" \/><\/span> <\/label>\n<\/p>\n<p><label> Sujet<br \/>\n<span class=\"wpcf7-form-control-wrap\" data-name=\"your-subject\"><input size=\"40\" maxlength=\"400\" class=\"wpcf7-form-control wpcf7-text\" aria-invalid=\"false\" value=\"\" type=\"text\" name=\"your-subject\" \/><\/span> <\/label>\n<\/p>\n<p><label> Veuillez indiquer ici comment vous souhaitez contribuer \u00e0 l'\u00e9criture sur ADDkenmerken.net et votre \u00e9ventuelle exp\u00e9rience de blogueur.<br \/>\n<span class=\"wpcf7-form-control-wrap\" data-name=\"your-message\"><textarea cols=\"40\" rows=\"10\" maxlength=\"2000\" class=\"wpcf7-form-control wpcf7-textarea\" aria-invalid=\"false\" name=\"your-message\"><\/textarea><\/span> <\/label>\n<\/p>\n<p><input class=\"wpcf7-form-control wpcf7-submit has-spinner\" type=\"submit\" value=\"Exp\u00e9dition\" \/>\n<\/p><div class=\"wpcf7-response-output\" aria-hidden=\"true\"><\/div>\n<input type=\"hidden\" name=\"trp-form-language\" value=\"fr\"\/><\/form>\n<\/div>","protected":false},"excerpt":{"rendered":"<p>Aimeriez-vous \u00eatre un blogueur invit\u00e9 pour ADD ADHD HSP - Stand in your Power ? Vous souhaitez contribuer au blog des fonctionnalit\u00e9s ADD ? C'est possible ! Que vous soyez vous-m\u00eame atteint de TDA ou de TDAH, que vous soyez tr\u00e8s sensible, que vous soyez coach dans le domaine des TDA, TDAH ou HSP, que vous soyez parent d'enfants ...<\/p>","protected":false},"author":1,"featured_media":0,"parent":0,"menu_order":0,"comment_status":"closed","ping_status":"closed","template":"","meta":{"_kad_post_transparent":"default","_kad_post_title":"hide","_kad_post_layout":"narrow","_kad_post_sidebar_id":"","_kad_post_content_style":"default","_kad_post_vertical_padding":"default","_kad_post_feature":"","_kad_post_feature_position":"","_kad_post_header":false,"_kad_post_footer":false,"_kad_post_classname":"","footnotes":""},"class_list":["post-1666","page","type-page","status-publish","hentry"],"_links":{"self":[{"href":"https:\/\/www.addkenmerken.net\/fr\/wp-json\/wp\/v2\/pages\/1666","targetHints":{"allow":["GET"]}}],"collection":[{"href":"https:\/\/www.addkenmerken.net\/fr\/wp-json\/wp\/v2\/pages"}],"about":[{"href":"https:\/\/www.addkenmerken.net\/fr\/wp-json\/wp\/v2\/types\/page"}],"author":[{"embeddable":true,"href":"https:\/\/www.addkenmerken.net\/fr\/wp-json\/wp\/v2\/users\/1"}],"replies":[{"embeddable":true,"href":"https:\/\/www.addkenmerken.net\/fr\/wp-json\/wp\/v2\/comments?post=1666"}],"version-history":[{"count":0,"href":"https:\/\/www.addkenmerken.net\/fr\/wp-json\/wp\/v2\/pages\/1666\/revisions"}],"wp:attachment":[{"href":"https:\/\/www.addkenmerken.net\/fr\/wp-json\/wp\/v2\/media?parent=1666"}],"curies":[{"name":"wp","href":"https:\/\/api.w.org\/{rel}","templated":true}]}}