{"id":17675,"date":"2019-10-03T20:44:01","date_gmt":"2019-10-03T18:44:01","guid":{"rendered":"https:\/\/www.addkenmerken.net\/onderzoek-naar-gebruik-van-lto3\/"},"modified":"2020-10-07T07:31:28","modified_gmt":"2020-10-07T05:31:28","slug":"recherche-sur-lutilisation-du-lto3","status":"publish","type":"page","link":"https:\/\/www.addkenmerken.net\/fr\/onderzoek-naar-gebruik-van-lto3\/","title":{"rendered":"Recherche sur l'utilisation des LTO3"},"content":{"rendered":"<aside class=\"mashsb-container mashsb-main mashsb-stretched\"><div class=\"mashsb-box\"><div class=\"mashsb-buttons\"><a class=\"mashicon-facebook mash-large mash-center mashsb-noshadow\" href=\"https:\/\/www.facebook.com\/sharer.php?u=https%3A%2F%2Fwww.addkenmerken.net%2Ffr%2Fonderzoek-naar-gebruik-van-lto3%2F%3Futm_source%3Dsharebuttons%26utm_medium%3Dfacebook%26utm_campaign%3Dmashshare\" target=\"_top\" rel=\"nofollow\"><span class=\"icon\"><\/span><span class=\"text\">Partager<\/span><\/a><a class=\"mashicon-twitter mash-large mash-center mashsb-noshadow\" href=\"https:\/\/twitter.com\/intent\/tweet?text=&amp;url=https:\/\/www.addkenmerken.net\/fr\/?p=17675&amp;via=krachtvanADHD\" target=\"_top\" rel=\"nofollow\"><span class=\"icon\"><\/span><span class=\"text\">Tweet<\/span><\/a><div class=\"onoffswitch2 mash-large mashsb-noshadow\" style=\"display:none\"><\/div><\/div>\n            <\/div>\n                <div style=\"clear:both\"><\/div><\/aside>\n            <!-- Share buttons by mashshare.net - Version: 4.0.47--><h2>Qui utilise LTO3 et pour quoi ?<\/h2>\n<p>De plus en plus de personnes semblent prendre le suppl\u00e9ment LTO3. Beaucoup d'entre eux indiquent qu'ils souffrent d'un TDA \/ TDAH et y r\u00e9agissent bien. De nombreuses personnes tr\u00e8s sensibles indiquent \u00e9galement qu'elles en tirent profit.<\/p>\n<p>Avec le sondage ci-dessous, nous voulons illustrer l'utilisation du LTO3. Vous pouvez \u00e9galement trouver ce sondage dans l'encadr\u00e9 du site web.<\/p>\n<p>Avalez-vous ou non du LTO3 et si oui, pourquoi l'avalez-vous ? Votez ci-dessous et voyez les r\u00e9sultats. Vous pouvez voter une fois et donner un maximum de 3 r\u00e9ponses.<br \/>\n<br \/>\n<div class='bootstrap-yop yop-poll-mc'>\n\t\t\t\t\t\t\t<div class=\"yop-poll-container\" data-id=\"1\" data-ajax=\"1\" data-tid=\"\" data-pid=\"17675\" data-show-results-only=\"false\"><\/div>\n\t\t\t\t\t\t<\/div>","protected":false},"excerpt":{"rendered":"<p>Qui utilise le LTO3 et pour quoi faire ? De plus en plus de personnes semblent prendre le suppl\u00e9ment LTO3. Beaucoup d'entre elles d\u00e9clarent avoir des troubles de l'attention et y r\u00e9pondre favorablement. De nombreuses personnes tr\u00e8s sensibles disent \u00e9galement en b\u00e9n\u00e9ficier. Avec le sondage ci-dessous, nous voulons promouvoir l'utilisation de LTO3 dans...<\/p>","protected":false},"author":1,"featured_media":0,"parent":0,"menu_order":0,"comment_status":"closed","ping_status":"open","template":"","meta":{"_kad_post_transparent":"default","_kad_post_title":"default","_kad_post_layout":"narrow","_kad_post_sidebar_id":"","_kad_post_content_style":"default","_kad_post_vertical_padding":"default","_kad_post_feature":"","_kad_post_feature_position":"","_kad_post_header":false,"_kad_post_footer":false,"_kad_post_classname":"","footnotes":""},"class_list":["post-17675","page","type-page","status-publish","hentry"],"_links":{"self":[{"href":"https:\/\/www.addkenmerken.net\/fr\/wp-json\/wp\/v2\/pages\/17675","targetHints":{"allow":["GET"]}}],"collection":[{"href":"https:\/\/www.addkenmerken.net\/fr\/wp-json\/wp\/v2\/pages"}],"about":[{"href":"https:\/\/www.addkenmerken.net\/fr\/wp-json\/wp\/v2\/types\/page"}],"author":[{"embeddable":true,"href":"https:\/\/www.addkenmerken.net\/fr\/wp-json\/wp\/v2\/users\/1"}],"replies":[{"embeddable":true,"href":"https:\/\/www.addkenmerken.net\/fr\/wp-json\/wp\/v2\/comments?post=17675"}],"version-history":[{"count":0,"href":"https:\/\/www.addkenmerken.net\/fr\/wp-json\/wp\/v2\/pages\/17675\/revisions"}],"wp:attachment":[{"href":"https:\/\/www.addkenmerken.net\/fr\/wp-json\/wp\/v2\/media?parent=17675"}],"curies":[{"name":"wp","href":"https:\/\/api.w.org\/{rel}","templated":true}]}}