{"id":236,"date":"2011-11-26T13:26:59","date_gmt":"2011-11-26T13:26:59","guid":{"rendered":"http:\/\/addkenmerken.net\/?page_id=236"},"modified":"2020-09-01T21:57:44","modified_gmt":"2020-09-01T19:57:44","slug":"adhd-add-et-societe","status":"publish","type":"page","link":"https:\/\/www.addkenmerken.net\/fr\/adhd-add-en-de-maatschappij\/","title":{"rendered":"Vivre avec un TDA \/ TDAH dans la soci\u00e9t\u00e9 et \u00e0 l'\u00e9cole"},"content":{"rendered":"<aside class=\"mashsb-container mashsb-main mashsb-stretched\"><div class=\"mashsb-box\"><div class=\"mashsb-count mash-large\" style=\"float:left\"><div class=\"counts mashsbcount\">2k<\/div><span class=\"mashsb-sharetext\">temps partag\u00e9<\/span><\/div><div class=\"mashsb-buttons\"><a class=\"mashicon-facebook mash-large mash-center mashsb-noshadow\" href=\"https:\/\/www.facebook.com\/sharer.php?u=https%3A%2F%2Fwww.addkenmerken.net%2Ffr%2Fadhd-add-en-de-maatschappij%2F%3Futm_source%3Dsharebuttons%26utm_medium%3Dfacebook%26utm_campaign%3Dmashshare\" target=\"_top\" rel=\"nofollow\"><span class=\"icon\"><\/span><span class=\"text\">Partager<\/span><\/a><a class=\"mashicon-twitter mash-large mash-center mashsb-noshadow\" href=\"https:\/\/twitter.com\/intent\/tweet?text=&amp;url=https:\/\/www.addkenmerken.net\/fr\/?p=236&amp;via=krachtvanADHD\" target=\"_top\" rel=\"nofollow\"><span class=\"icon\"><\/span><span class=\"text\">Tweet<\/span><\/a><div class=\"onoffswitch2 mash-large mashsb-noshadow\" style=\"display:none\"><\/div><\/div>\n            <\/div>\n                <div style=\"clear:both\"><\/div><\/aside>\n            <!-- Share buttons by mashshare.net - Version: 4.0.47--><h2>Le TDA et le TDAH sont votre force mais sont difficiles dans la soci\u00e9t\u00e9<\/h2>\n<p><img loading=\"lazy\" decoding=\"async\" class=\"alignright wp-image-17238\" src=\"https:\/\/www.addkenmerken.net\/wp-content\/uploads\/2019\/09\/adhd-school.jpg\" alt=\"TDAH dans le syst\u00e8me scolaire actuel\" width=\"274\" height=\"286\" title=\"\">D\u00e8s qu'un enfant va \u00e0 l'\u00e9cole, le cadeau naturel qui lui a \u00e9t\u00e9 offert est bricol\u00e9. Une puissance avec laquelle vous avez un lien plus fort avec l'\u00e9nergie de la vie. Avec le cerveau TDA\/TDAH, vous ressentez des choses, vous avez un <strong>bonne intuition<\/strong>vous savez les choses juste parce que vous les ressentez, vous \u00eates sage. En tant que TDA\/TDAH, vous n'\u00eates pas oblig\u00e9 de tout raisonner \u00e0 partir de l'esprit, mais vous disposez d\u00e9j\u00e0 de beaucoup de connaissances, uniquement parce que vous \u00e9tablissez un lien avec le subconscient qui est incompr\u00e9hensible pour les autres. On les appelle aussi les enfants du nouvel \u00e2ge.<\/p>\n<p>Pour une grande partie de la population, il n'est pas du tout probl\u00e9matique d'aller lentement <strong>\u00eatre programm\u00e9<\/strong> par ce que tout et tout le monde dans votre vie vous dit. Ils sont fabriqu\u00e9s avec un cerveau facile \u00e0 programmer avec toutes les croyances de notre syst\u00e8me. Beaucoup de choses sont suppos\u00e9es \u00eatre vraies parce que toutes ces personnes vivent avec le \"cerveau normal\" de leur esprit.<\/p>\n<p>Lorsque vous ne vivez qu'avec l'esprit, vous n'\u00eates pas ouvert \u00e0 ce que vos sentiments, votre \u00e2me et votre <strong>instinct<\/strong> vous a dit. C'est une tr\u00e8s bonne chose pour le d\u00e9veloppement d'une soci\u00e9t\u00e9. Apr\u00e8s tout, si tout le monde avait le \"cerveau du TDA\/TDAH\", il serait tr\u00e8s difficile de mettre au point un syst\u00e8me qui fonctionne. Ce serait un endroit chaotique. Mais il est \u00e9galement important de laisser ce pouvoir \u00e0 une petite partie de la population.<\/p>\n<p>&nbsp;<\/p>\n<h3>Le syst\u00e8me scolaire actuel et le TDAH<\/h3>\n<p>Le probl\u00e8me est donc que d\u00e8s l'enfance, on nous dit comment tout fonctionne, comment tout devrait fonctionner, comment cela fonctionne. C'est comme si les TDA\/H \u00e9taient incompr\u00e9hensibles. Nous n'avons pas besoin qu'on nous le dise parce que nous avons ce lien plus profond avec l'\u00e9nergie de la vie. C'est pour cette raison que nous avons le sentiment que les choses sont diff\u00e9rentes, comme le disent les personnes qui vivent avec un \"cerveau normal\". Nous savons que c'est diff\u00e9rent de ce qu'on nous dit. Cependant, nous devons \u00e0 tout prix nous int\u00e9grer dans ce tableau comme le reste de la classe. Nous devons suivre toutes les instructions exactement comme on nous le dit. Mais nous ne pouvons pas le faire simplement parce que nous savons mieux et que nous ne sommes pas cens\u00e9s \u00e9voluer comme \u00e7a.<\/p>\n<p>Cela permet de garantir <strong>de profondes frustrations<\/strong> qui ont \u00e9t\u00e9 d\u00e9velopp\u00e9s depuis l'enfance. Il n'est donc pas si fou de penser que les personnes ayant le soi-disant <a title=\"AJOUTER\" href=\"https:\/\/www.addkenmerken.net\/fr\/ajouter-des-symptomes\/\" target=\"_blank\" rel=\"noopener\">AJOUTER<\/a> ou de TDAH dans de nombreux cas, finissent par s'enchev\u00eatrer et d\u00e9veloppent toutes sortes de troubles psychologiques. Le TDA et le TDAH peuvent donc facilement se transformer en un trouble si nous continuons \u00e0 traiter de cette mani\u00e8re les enfants qui ont un cerveau th\u00eata. Ils perdent aussi les beaux pouvoirs qu'ils portent en eux.<\/p>\n<p>N'avez-vous jamais remarqu\u00e9 \u00e0 quel point les TDA et les TDAH deviennent calmes lorsqu'ils entrent dans un environnement qui leur est adapt\u00e9 ?<\/p>\n<p>Jour apr\u00e8s jour, vous devez vous faire une place dans le tableau de l'AD(H)D'er, un tableau pour lequel notre cerveau n'est tout simplement pas fait pour.<\/p>\n<p>&nbsp;<\/p>\n<h3>Un TDA et un TDAH n'ont pas besoin d'une canne de guidage aveugle<\/h3>\n<p>En tant qu'enfants atteints du TDA et <a href=\"https:\/\/adhdblog.nl\/\" target=\"_blank\" rel=\"noopener\">ADHD<\/a> peut \u00eatre compar\u00e9e au fait de donner \u00e0 quelqu'un qui peut voir une canne de guidage pour aveugle.<\/p>\n<p>Nous devons fermer les yeux jour apr\u00e8s jour pour d\u00e9couvrir le lien profond qui nous unit \u00e0 notre force. En revanche, comme d'autres, nous n'avons pas besoin de b\u00e2ton pour marcher. On peut voir. Malheureusement, notre comportement est consid\u00e9r\u00e9 comme ennuyeux et difficile, m\u00eame si nous sommes simplement frustr\u00e9s et ne comprenons pas que tout le monde a besoin d'une canne pour aveugle. Nous sommes plac\u00e9s dans un monde dans lequel nous ne pouvons pas nous d\u00e9velopper. En fait, jour apr\u00e8s jour, elle devient une lutte pour la survie. Lisez l'histoire inspirante de la\u00a0<a title=\"L&#039;aigle mal plac\u00e9\" href=\"https:\/\/www.addkenmerken.net\/fr\/laigle-mal-place\/\" target=\"_blank\" rel=\"noopener\">eagle<\/a>\u00a0ce que cela lui a fait.<\/p>\n<p>C'est comme mettre un aigle dans un poulailler. Cet aigle commence \u00e0 douter de plus en plus de lui-m\u00eame. Pourquoi ne puis-je pas me concentrer sur ce qu'on me dit de faire. Les poulets ne semblent pas avoir de probl\u00e8me avec cela. Ils font simplement ce qu'on leur dit. Ils peuvent \u00eatre facilement programm\u00e9s. L'aigle commence \u00e0 douter de plus en plus de lui-m\u00eame et ferme lentement les yeux sur son beau cadeau. Il devient de plus en plus anxieux, stress\u00e9 et d\u00e9prim\u00e9.<\/p>\n<p>Si nous recevons des m\u00e9dicaments qui nous permettent de fermer les yeux sur nos forces, nous n'aurons pas besoin de cette canne guide pour aveugles. On sent comment les choses fonctionnent, on sait qu'il y a une autre fa\u00e7on de faire. Nous n'avons pas besoin qu'on nous dise tout comme cela fonctionne pour les autres. On peut alors dire que les TDA et les TDAH ont une mauvaise concentration, mais que l'on d\u00e9sire aussi quelque chose d'eux qui n'est pas fait pour eux.<\/p>\n<p>Leur \u00e2me, leurs sentiments, leur intuition, leur instinct sont beaucoup plus d\u00e9velopp\u00e9s parce que leur cerveau th\u00eata est constamment connect\u00e9 \u00e0 cette source d'\u00e9nergie puissante et fluide. Nous savons beaucoup de choses, nous sommes t\u00eatus, nous n'\u00e9coutons pas, nous nous ennuyons vite, etc. Si logique, notre cerveau a soif d'aventure, de mati\u00e8re int\u00e9ressante, de sensations fortes, etc.<strong>. <\/strong>On ne laisse pas un aigle devenir une batterie.<strong><br \/>\n<\/strong><\/p>\n<p>&nbsp;<\/p>\n<h3>Un monde aveugle<\/h3>\n<p>Pour un TDA et un TDAH, c'est comme s'il \u00e9tait n\u00e9 dans un monde d'aveugles. Le cerveau normal a besoin d'un b\u00e2ton de guidage aveugle pour tout. Pour eux, ce syst\u00e8me est brillant. D\u00e8s l'enfance, on leur donne un b\u00e2ton de guidage pour les aveugles. \u00c0 l'\u00e9cole, ils sont lentement programm\u00e9s et apprennent ainsi beaucoup de connaissances qu'ils stockent dans le cerveau. Heureusement, cela fonctionne pour eux, sinon ils ne s'en sortiraient pas. Ils n'ont pas le lien profond avec leur \u00e2me qui leur dit comment les choses sont mises en place. Ils ont besoin de ce syst\u00e8me.<\/p>\n<p>\u00c0 mon avis, ce n'est pas la raison pour laquelle les ADD'ers et les ADHD'ers se tiennent sur cette plan\u00e8te. Nous ne sommes pas aveugles. Nous n'avons pas besoin de cette canne guide pour aveugles. Vous comprenez peut-\u00eatre maintenant \u00e0 quel point cela a \u00e9t\u00e9 frustrant pour nous. Quand nous avions environ 5 ans, on nous poussait jour apr\u00e8s jour \u00e0 fermer les yeux et \u00e0 nous faire fermer les yeux. <strong>power<\/strong> \u00e0 supprimer. Nous devions \u00e0 tout prix prendre le contr\u00f4le de notre canne \u00e0 aveugle et nous devions \u00e9teindre notre intuition et nos sentiments. Pourquoi ? Tout simplement parce qu'elle n'est pas comprise par tous ces gens ignorants. Non pas que nous soyons meilleurs, il est tr\u00e8s important d'avoir ces personnes dans la soci\u00e9t\u00e9, mais il y a d'autres personnes aussi.<\/p>\n<p>Saviez-vous qu'\u00e0 ce jour, il n'a pas \u00e9t\u00e9 prouv\u00e9 que le TDA et le TDAH soient des troubles. Les fr\u00e9quentes recherches sur le TDAH et le TDA n'ont jamais pu confirmer le point ! Il ne s'int\u00e9resse qu'aux autres fonctions du cerveau, \u00e0 l'autre activit\u00e9 c\u00e9r\u00e9brale et au traitement de la dopamine. Il est en effet manifestement mat que cela veut-il dire en r\u00e9alit\u00e9 ? Rien du tout.<\/p>\n<p>Comme c'est le cas actuellement avec des \u00e9tiquettes comme \"ADD\" et \"ADHD\" et comme ils le consid\u00e8rent, \u00e0 mon avis, ils sont totalement faux et incontr\u00f4lables. Il devrait y avoir un autre syst\u00e8me qui s\u00e9lectionne les enfants ayant un cerveau sp\u00e9cial. Ces enfants doivent \u00eatre \u00e9duqu\u00e9s dans un environnement qui leur est familier. Un environnement qu'ils comprennent, quand vous faites cela d\u00e8s le plus jeune \u00e2ge, vous verrez quel genre d'enfants extr\u00eamement brillants vous pouvez d\u00e9velopper. Ils peuvent devenir des personnes brillantes qui sont vraiment capables de cr\u00e9er un monde meilleur. Ces personnes devraient avoir la possibilit\u00e9 de d\u00e9velopper leurs forces au lieu de se convaincre qu'elles souffrent d'un trouble tel que le <a title=\"l&#039;aigle mal plac\u00e9 avec le TDAH\" href=\"https:\/\/www.addkenmerken.net\/fr\/laigle-mal-place\/\" target=\"_blank\" rel=\"noopener\">eagle<\/a> dans l'exemple pr\u00e9cit\u00e9.<\/p>\n<p>Malheureusement, nous sommes pouss\u00e9s \u00e0 nous int\u00e9grer avec toutes les frustrations et les cons\u00e9quences que cela implique. Notre cerveau doit se r\u00e9veiller pour que nos forces soient coup\u00e9es, si n\u00e9cessaire des m\u00e9dicaments doivent \u00eatre utilis\u00e9s. Nous pourrons alors fermer les yeux sur le pouvoir et rejoindre les autres. Ce m\u00e9dicament peut aider, mais la question est de savoir si c'est ce \u00e0 quoi nous sommes destin\u00e9s ? C'est peut-\u00eatre une \u00e9tape pour sortir d'une vall\u00e9e mais l'utiliser pour le reste de votre vie ? Nous serons alors align\u00e9s avec les autres et nous pourrons participer. Est-ce pour cela qu'un ADD'er ou un ADHD'er a \u00e9t\u00e9 amen\u00e9 sur Terre ? Pensez \u00e0 tous les <a title=\"Le TDA&#039;er et le TDA&#039;er r\u00e9ussis\" href=\"https:\/\/www.addkenmerken.net\/fr\/lhomme-qui-reussit-avec-un-trouble-deficitaire-de-lattention\/\" target=\"_blank\" rel=\"noopener\">les c\u00e9l\u00e9brit\u00e9s souffrant de TDAH \/ ADD.<\/a>\u00a0Beaucoup d'entre eux ne prennent m\u00eame pas de m\u00e9dicaments. A quoi \u00e7a sert ? Parce qu'ils ont trouv\u00e9 leur vocation. Si vous trouvez quelque chose \u00e0 laquelle vous pouvez plonger toute votre cr\u00e9ativit\u00e9 et votre passion, alors votre TDA\/TDAH s'exprimera comme un cadeau et seuls les aspects positifs seront mis en \u00e9vidence.<\/p>\n<p>Si vous pensez qu'il se passe quelque chose avec vous assez longtemps, vous allez croire que vous avez vraiment besoin de ce m\u00e9dicament. Lorsque tu te d\u00e9veloppes en tant que TDA ou TDAH, tu d\u00e9couvriras que tu n'as pas vraiment besoin de m\u00e9dicaments. Il est pr\u00e9f\u00e9rable d'aller plus souvent \u00e0 la salle de sport et de faire ce que vous trouvez int\u00e9ressant. Un simple travail n'est tout simplement pas pour vous, votre \u00e2me en r\u00e9clame davantage !<\/p>\n<p>Lorsque vous aurez trouv\u00e9 votre vocation, les gens commenceront \u00e0 voir votre don et votre \u00e9nergie comme une \u00e9norme source d'inspiration. Les r\u00f4les vont enfin \u00eatre invers\u00e9s !<\/p>\n<p>Mais parfois, il peut s'agir d'un soutien pour prendre des ressources (temporaires) afin de ne pas se retrouver coinc\u00e9 par toutes les choses que vous devez faire dans la vie. Cela vous permet de garder une meilleure vue d'ensemble de la vie et vous pouvez \u00eatre plus heureux parce que vous n'avez pas toujours \u00e0 marcher sur la pointe des pieds. Ma pr\u00e9f\u00e9rence n'est donc pas pour les produits pharmaceutiques. Certainement pas parce qu'il s'est av\u00e9r\u00e9 qu'il existe une tr\u00e8s bonne alternative. Vous souhaitez en savoir plus sur le soutien naturel comme alternative \u00e0 la ritaline ? Lisez ensuite plus sur <a title=\"LTO3\" href=\"https:\/\/www.addkenmerken.net\/fr\/lto3\/\" target=\"_blank\" rel=\"noopener\">LTO3<\/a><\/p>\n<p>&nbsp;<\/p>\n<h2>Ma propre p\u00e9riode scolaire avec ADD<\/h2>\n<p>A l'\u00e9cole, j'ai toujours pens\u00e9 que j'\u00e9tais diff\u00e9rent. Je ne pouvais pas \u00e9couter le professeur, je ne trouvais pas cela int\u00e9ressant, je dessinais, je cherchais de l'action, je regardais dehors, etc. Tout ce qui pourrait stimuler mon cerveau, c'est ce que je cherchais. J'en ai fait un jeu, j'ai trouv\u00e9 plus amusant d'\u00eatre envoy\u00e9 hors de la classe que de simplement \u00e9couter cette programmation c\u00e9r\u00e9brale. Je ne comprenais vraiment rien \u00e0 l'\u00e9cole, qu'est-ce que j'y faisais de toute fa\u00e7on, tout le monde semble \u00e9couter ces conneries de boitement si facilement.<\/p>\n<p>Comme l'aigle, je me suis dit : \"C'est maintenant ? C'est ce que je repr\u00e9sente sur cette terre maintenant, si ennuyeux, sans excitation ? Je n'ai rien compris. Les gens semblaient n'avoir aucun lien plus profond avec leur \u00e2me. Ils \u00e9taient constamment si \u00e9veill\u00e9s qu'ils \u00e9taient si ouverts \u00e0 la programmation. Je me sentais si diff\u00e9rent, mon intuition\/instinct \u00e9tait continuellement connect\u00e9 \u00e0 mon cerveau.<\/p>\n<p class=\"wp-image-4163\" title=\"TDA et TDAH \u00e0 l&#039;\u00e9cole - Stress et irritabilit\u00e9\">\u00c0 l'\u00e9cole primaire, j'ai tenu bon. J'ai r\u00e9ussi \u00e0 m'en sortir avec mon comportement. Heureusement, j'ai pu passer un bon moment et c'\u00e9tait assez amusant. Surtout pendant les pauses, j'ai pu trouver mes rep\u00e8res. J'ai grimp\u00e9 sur le toit de l'\u00e9cole, dans les arbres, etc. Avec des amis dans la rue, nous \u00e9tions dehors tous les jours et nous nous amusions beaucoup. Cette fois-ci, c'\u00e9tait fantastique !<\/p>\n<p>Au lyc\u00e9e, cependant, j'ai d\u00fb vivre avec. Je ne pouvais plus continuer comme \u00e7a. Encore une fois, j'\u00e9tais plus occup\u00e9 \u00e0 \u00eatre envoy\u00e9. Je cherchais de l'action, je suis devenu fou en classe. Cela ne peut pas \u00eatre de vraies personnes, n'est-ce pas ? Assis sur une chaise, heure apr\u00e8s heure, \u00e0 \u00e9couter ces absurdit\u00e9s. O\u00f9 en suis-je arriv\u00e9 ? Vous \u00eates tous une bande d'ordinateurs qui ne pensent pas par eux-m\u00eames ? Chaque fois qu'on m'expliquait quelque chose, je ne savais pas ce qu'on attendait de moi. J'ai toujours \u00e9t\u00e9 celui qui n'avait pas \u00e9cout\u00e9. Comme l'aigle, je cherchais les sensations fortes, l'aventure, mais je n'ai pas eu de r\u00e9actions des autres. Je me sentais de plus en plus seul et d\u00e9prim\u00e9. Est-ce cela que la vie a \u00e0 offrir ?<\/p>\n<p>Pourtant, quelque part au fond de moi, j'ai toujours r\u00e9ussi \u00e0 garder le sentiment que je n'\u00e9tais pas fou. J'avais tellement de talents et je pouvais faire tellement de choses, il ne pouvait pas y avoir de probl\u00e8me avec moi. Mon cerveau n'\u00e9tait pas fait pour toutes ces b\u00eatises. Toutes ces b\u00eatises sont consid\u00e9r\u00e9es comme des v\u00e9rit\u00e9s convaincantes par le \"cerveau normal\" et sont stock\u00e9es directement dans un lobe quelque part dans le cerveau. Cette fa\u00e7on d'acqu\u00e9rir des connaissances ne fait appel ni au sentiment, ni \u00e0 l'instinct, ni \u00e0 l'intuition. C'est le professeur qui le dit, donc c'est comme \u00e7a. J'ai toujours eu mon propre point de vue sur tout. Tr\u00e8s t\u00eatu peut-\u00eatre, comme on me l'a souvent dit, mais \u00e0 mon avis une tr\u00e8s bonne qualit\u00e9.<\/p>\n<p>\u00c0 mon avis, l'intelligence ne vient pas seulement de l'esprit de votre cerveau, mais aussi de votre \u00e2me. L'\u00e2me contr\u00f4le le corps et le cerveau. La fa\u00e7on dont vous ressentez les choses et le d\u00e9veloppement de votre intuition, qui \u00e0 mon avis est une intelligence bien plus grande que toute autre chose, mais la stocker quelque part dans le cerveau et ne rien faire ensuite de cette connaissance. J'appelle cela polluer le cerveau.<\/p>\n<p>Quand on a un sentiment tr\u00e8s d\u00e9velopp\u00e9, on peut accomplir beaucoup de choses. On sait juste comment les choses doivent \u00eatre faites, on le sent et on peut souvent faire les choses tout de suite si les gens ne nous disent pas comment les faire, parce qu'alors on ne pourra plus le faire.<\/p>\n<p>J'ai dit plus t\u00f4t que j'avais toujours eu le sentiment d'\u00eatre diff\u00e9rent, comme si j'avais une conscience plus profonde qui me faisait percevoir mon cas diff\u00e9remment. Je ne comprenais pas pourquoi les autres n'avaient pas cela. Chaque fois que j'ai \u00e9t\u00e9 forc\u00e9 de faire les choses comme on me l'a dit, j'ai \u00e9t\u00e9 oblig\u00e9 de les faire. Je n'ai pas compris, je l'ai toujours mal fait, et il m'a fallu dix fois plus de temps pour ma\u00eetriser quelque chose. Cela semblait assez stupide. Cependant, il s'est av\u00e9r\u00e9 \u00e0 maintes reprises que lorsque je ne suivais pas les instructions, mais que je faisais les choses exactement comme je pensais qu'elles devaient \u00eatre faites, j'\u00e9tais dix fois plus rapide que les autres. J'ai tout de suite ma\u00eetris\u00e9 les choses. J'avais des probl\u00e8mes avec peu de choses, je comprenais tout imm\u00e9diatement et j'\u00e9tais souvent le meilleur dans beaucoup de domaines. \u00c0 ce moment-l\u00e0, il n'y avait pas de limites pour moi. Comme si j'avais d\u00e9j\u00e0 toutes les connaissances n\u00e9cessaires pour pouvoir faire quelque chose. Je le sens, je le vois devant moi et je le r\u00e9alise. C'est ce pouvoir du cerveau th\u00eata ou TDA\/TDAH. Il est logique que nous nous ennuyions si vite. Nous sommes des aigles, log\u00e9s dans des poulets programm\u00e9s (Comme une m\u00e9taphore !);(au fait, avec tout le respect que je dois \u00e0 tous ceux qui ne parlent pas de la <a href=\"https:\/\/www.addkenmerken.net\/fr\/brainwaves\/\">le cerveau th\u00eata<\/a> Ce groupe dominant de la population est \u00e9galement tr\u00e8s important, il a de tr\u00e8s belles qualit\u00e9s, des qualit\u00e9s et des talents) Ne vous y trompez pas.<\/p>\n<p>&nbsp;<\/p>\n<h3>Les cons\u00e9quences pour les TDA et les TDAH<\/h3>\n<p>Nombreux <span style=\"color: #000000;\">caract\u00e9ristiques de l'ADD<\/span> et le TDAH sont des frustrations purement profondes qui se sont gliss\u00e9es dans le cerveau comme des sch\u00e9mas. Des mod\u00e8les qui sont ensuite r\u00e9p\u00e9t\u00e9s jour apr\u00e8s jour pour que vous n'ayez pas \u00e0 tout apprendre encore et encore chaque jour. Malheureusement, cela s'applique aussi bien aux mod\u00e8les utiles qu'aux mod\u00e8les inutiles. Les TDA et les TDAH sont souvent dans le cerveau. <a title=\"Plaintes secondaires ADD et ADHD\" href=\"https:\/\/www.addkenmerken.net\/fr\/problemes-de-sante-mentale-add-add-add-add\/\" target=\"_blank\" rel=\"noopener\">les plaintes et troubles secondaires<\/a>\u00a0ruse dont la plupart ne savent rien du tout. Ils sont devenus convaincus de leur d\u00e9sordre avec toutes ses cons\u00e9quences. Les plaintes ne font qu'empirer, surtout si on s'y concentre tous les jours.  C'est devenu un sch\u00e9ma inconsciemment inutile que le cerveau ex\u00e9cute 24 heures sur 24, 7 jours sur 7. Quelque chose qui vous permet de prendre le contr\u00f4le de vous-m\u00eame en d\u00e9pla\u00e7ant votre attention et en cr\u00e9ant une nouvelle neurologie positive. Vous pouvez en savoir plus \u00e0 ce sujet sur la page consacr\u00e9e \u00e0\u00a0<a title=\"Possibilit\u00e9s dues \u00e0 la neuroplasticit\u00e9\" href=\"https:\/\/www.addkenmerken.net\/fr\/neuroplasticite-et-pensees\/\" target=\"_blank\" rel=\"noopener\">la neuroplasticit\u00e9.<\/a><\/p>\n<p style=\"text-align: left;\">N'oubliez pas que la chose \u00e0 laquelle vous donnez de l'\u00e9nergie est de plus en plus grande. C'est tr\u00e8s simple, concentrez-vous sur les choses positives et elles grandiront lentement dans votre vie !<\/p>\n<p>D\u00e8s le plus jeune \u00e2ge, nous courons le risque de d\u00e9velopper notre cerveau de mani\u00e8re impuissante, avec toutes les cons\u00e9quences que cela implique. Il n'est pas non plus surprenant d'entendre tant de personnes atteintes de TDA et de TDAH dire qu'elles travaillent en dessous de leur niveau, que t\u00f4t ou tard elles deviennent d\u00e9pressives ou d\u00e9veloppent un burnout. Ils sont si intelligents, comprennent tant de choses, ont tant de talents, ont une vie \u00e9motionnelle si d\u00e9velopp\u00e9e, une intuition si forte, sont cr\u00e9atifs, ont de l'humour, etc.<\/p>\n<p>Malheureusement, dans de nombreux cas, ils ne trouvent leur chemin nulle part. O\u00f9 que vous soyez, votre cerveau TDA \/ TDAH est cens\u00e9 \u00eatre \u00e9veill\u00e9 et fonctionner dans la b\u00eata de sorte qu'il est ouvert pour \u00eatre facilement programm\u00e9 avec un programme qui nous est incompr\u00e9hensible.<strong>.<\/strong><\/p>","protected":false},"excerpt":{"rendered":"<p>Le TDA et le TDAH sont votre force mais sont difficiles dans la soci\u00e9t\u00e9 D\u00e8s qu'un enfant va \u00e0 l'\u00e9cole, le cadeau naturel qui lui a \u00e9t\u00e9 fait est d\u00e9j\u00e0 bricol\u00e9. Une force avec laquelle vous avez un lien plus fort avec l'\u00e9nergie de la vie. Avec le cerveau TDA\/TDAH, on ressent des choses, on...<\/p>","protected":false},"author":1,"featured_media":17238,"parent":0,"menu_order":0,"comment_status":"open","ping_status":"closed","template":"","meta":{"_kad_post_transparent":"default","_kad_post_title":"default","_kad_post_layout":"default","_kad_post_sidebar_id":"","_kad_post_content_style":"default","_kad_post_vertical_padding":"default","_kad_post_feature":"","_kad_post_feature_position":"","_kad_post_header":false,"_kad_post_footer":false,"_kad_post_classname":"","footnotes":""},"class_list":["post-236","page","type-page","status-publish","has-post-thumbnail","hentry"],"_links":{"self":[{"href":"https:\/\/www.addkenmerken.net\/fr\/wp-json\/wp\/v2\/pages\/236","targetHints":{"allow":["GET"]}}],"collection":[{"href":"https:\/\/www.addkenmerken.net\/fr\/wp-json\/wp\/v2\/pages"}],"about":[{"href":"https:\/\/www.addkenmerken.net\/fr\/wp-json\/wp\/v2\/types\/page"}],"author":[{"embeddable":true,"href":"https:\/\/www.addkenmerken.net\/fr\/wp-json\/wp\/v2\/users\/1"}],"replies":[{"embeddable":true,"href":"https:\/\/www.addkenmerken.net\/fr\/wp-json\/wp\/v2\/comments?post=236"}],"version-history":[{"count":0,"href":"https:\/\/www.addkenmerken.net\/fr\/wp-json\/wp\/v2\/pages\/236\/revisions"}],"wp:featuredmedia":[{"embeddable":true,"href":"https:\/\/www.addkenmerken.net\/fr\/wp-json\/wp\/v2\/media\/17238"}],"wp:attachment":[{"href":"https:\/\/www.addkenmerken.net\/fr\/wp-json\/wp\/v2\/media?parent=236"}],"curies":[{"name":"wp","href":"https:\/\/api.w.org\/{rel}","templated":true}]}}