{"id":2476,"date":"2012-06-19T15:47:22","date_gmt":"2012-06-19T13:47:22","guid":{"rendered":"http:\/\/www.addkenmerken.net\/?page_id=2476"},"modified":"2020-09-02T15:05:24","modified_gmt":"2020-09-02T13:05:24","slug":"formulaire-de-contact","status":"publish","type":"page","link":"https:\/\/www.addkenmerken.net\/fr\/contactformulier\/","title":{"rendered":"Formulaire de contact"},"content":{"rendered":"<aside class=\"mashsb-container mashsb-main mashsb-stretched\"><div class=\"mashsb-box\"><div class=\"mashsb-buttons\"><a class=\"mashicon-facebook mash-large mash-center mashsb-noshadow\" href=\"https:\/\/www.facebook.com\/sharer.php?u=https%3A%2F%2Fwww.addkenmerken.net%2Ffr%2Fcontactformulier%2F%3Futm_source%3Dsharebuttons%26utm_medium%3Dfacebook%26utm_campaign%3Dmashshare\" target=\"_top\" rel=\"nofollow\"><span class=\"icon\"><\/span><span class=\"text\">Partager<\/span><\/a><a class=\"mashicon-twitter mash-large mash-center mashsb-noshadow\" href=\"https:\/\/twitter.com\/intent\/tweet?text=&amp;url=https:\/\/www.addkenmerken.net\/fr\/?p=2476&amp;via=krachtvanADHD\" target=\"_top\" rel=\"nofollow\"><span class=\"icon\"><\/span><span class=\"text\">Tweet<\/span><\/a><div class=\"onoffswitch2 mash-large mashsb-noshadow\" style=\"display:none\"><\/div><\/div>\n            <\/div>\n                <div style=\"clear:both\"><\/div><\/aside>\n            <!-- Share buttons by mashshare.net - Version: 4.0.47--><h2>Des questions, remarques, suggestions ou conseils ?<\/h2>\n<p>Vous avez une question g\u00e9n\u00e9rale, une remarque, une suggestion, un conseil ou vous voyez peut-\u00eatre une erreur quelque part sur le site ? N'h\u00e9sitez pas \u00e0 nous contacter en utilisant le formulaire de contact ci-dessous. Vous pouvez \u00e9galement utiliser ce formulaire pour partager vos exp\u00e9riences ou votre histoire de vie. Si vous le souhaitez, nous le mettrons sur le site web. Cela peut se faire de mani\u00e8re anonyme.<br \/>\n&nbsp;<br \/>\n<span class=\"collapseomatic\" id=\"id69f3500d04240\"  tabindex=\"0\" title=\"Regardez ici si vous voulez devenir un blogueur invit\u00e9\"    >Regardez ici si vous voulez devenir un blogueur invit\u00e9<\/span><div id=\"target-id69f3500d04240\" class=\"collapseomatic_content\">\n&nbsp;<br \/>\nSi vous souhaitez \u00e9crire sur les TDA, TDAH, HSP et\/ou sur des sujets connexes sur le blog des caract\u00e9ristiques des TDA, consultez le <a href=\"https:\/\/www.addkenmerken.net\/fr\/blogueur-invite\/\">page de soumission du blog des invit\u00e9s<\/a> pour plus d'informations et pour vous inscrire.<\/div>\n<p>Vous pouvez \u00e9galement laisser un commentaire dans le <a href=\"https:\/\/www.addkenmerken.net\/fr\/livre-dor\/\" target=\"_blank\" rel=\"noopener\">livre d'or.<\/a> On ne r\u00e9pondra pas \u00e0 ces questions.<\/p>\n\n<div class=\"wpcf7 no-js\" id=\"wpcf7-f19313-o1\" lang=\"nl-NL\" dir=\"ltr\" data-wpcf7-id=\"19313\">\n<div class=\"screen-reader-response\"><p role=\"status\" aria-live=\"polite\" aria-atomic=\"true\"><\/p> <ul><\/ul><\/div>\n<form action=\"\/fr\/wp-json\/wp\/v2\/pages\/2476#wpcf7-f19313-o1\" method=\"post\" class=\"wpcf7-form init\" aria-label=\"Formulaire de contact\" novalidate=\"novalidate\" data-status=\"init\" data-trp-original-action=\"\/fr\/wp-json\/wp\/v2\/pages\/2476#wpcf7-f19313-o1\">\n<fieldset class=\"hidden-fields-container\"><input type=\"hidden\" name=\"_wpcf7\" value=\"19313\" \/><input type=\"hidden\" name=\"_wpcf7_version\" value=\"6.1.5\" \/><input type=\"hidden\" name=\"_wpcf7_locale\" value=\"nl_NL\" \/><input type=\"hidden\" name=\"_wpcf7_unit_tag\" value=\"wpcf7-f19313-o1\" \/><input type=\"hidden\" name=\"_wpcf7_container_post\" value=\"0\" \/><input type=\"hidden\" name=\"_wpcf7_posted_data_hash\" value=\"\" \/>\n<\/fieldset>\n<p><label> Votre nom (obligatoire)<br \/>\n<span class=\"wpcf7-form-control-wrap\" data-name=\"your-name\"><input size=\"40\" maxlength=\"400\" class=\"wpcf7-form-control wpcf7-text wpcf7-validates-as-required\" aria-required=\"true\" aria-invalid=\"false\" value=\"\" type=\"text\" name=\"your-name\" \/><\/span> <\/label>\n<\/p>\n<p><label> Votre adresse \u00e9lectronique (obligatoire)<br \/>\n<span class=\"wpcf7-form-control-wrap\" data-name=\"your-email\"><input size=\"40\" maxlength=\"400\" class=\"wpcf7-form-control wpcf7-email wpcf7-validates-as-required wpcf7-text wpcf7-validates-as-email\" aria-required=\"true\" aria-invalid=\"false\" value=\"\" type=\"email\" name=\"your-email\" \/><\/span> <\/label>\n<\/p>\n<p><label> Sujet<br \/>\n<span class=\"wpcf7-form-control-wrap\" data-name=\"your-subject\"><input size=\"40\" maxlength=\"400\" class=\"wpcf7-form-control wpcf7-text\" aria-invalid=\"false\" value=\"\" type=\"text\" name=\"your-subject\" \/><\/span> <\/label>\n<\/p>\n<p><label> Votre message<br \/>\n<span class=\"wpcf7-form-control-wrap\" data-name=\"your-message\"><textarea cols=\"40\" rows=\"10\" maxlength=\"2000\" class=\"wpcf7-form-control wpcf7-textarea\" aria-invalid=\"false\" name=\"your-message\"><\/textarea><\/span> <\/label>\n<\/p>\n<p><input class=\"wpcf7-form-control wpcf7-submit has-spinner\" type=\"submit\" value=\"Exp\u00e9dition\" \/>\n<\/p><div class=\"wpcf7-response-output\" aria-hidden=\"true\"><\/div>\n<input type=\"hidden\" name=\"trp-form-language\" value=\"fr\"\/><\/form>\n<\/div>\n\n<p>&nbsp;<\/p>\n<p>Inscrivez-vous \u00e0 la newsletter gratuite via le lien ci-dessous et vous recevrez chaque semaine un courriel positif contenant de bons conseils pour votre vie quotidienne avec le TDA, le TDAH et le PSS !<\/p>\n<p><strong><a href=\"https:\/\/www.addkenmerken.net\/fr\/bulletin-dinformation\/\" target=\"_blank\" rel=\"noopener\">&gt; Inscrivez-vous \u00e0 la lettre d'information \"ADD, ADHD, HSP - Be in your Power\".<\/a><\/strong><\/p>\n<p>Vous pouvez \u00e9galement trouver ADDkenmerken.net \u00e0 l'adresse <a title=\"Page Facebook ADD, ADHD, HSP Mettez-vous au pouvoir\" href=\"https:\/\/www.facebook.com\/ADDADHDHSP\" target=\"_blank\" rel=\"nofollow noopener\">Facebook.<\/a><\/p>\n<p>Ainsi, vous serez toujours au courant des derniers articles du site !<\/p>\n<p>Salutations, Jochem.<\/p>","protected":false},"excerpt":{"rendered":"<p>Questions, remarques, suggestions ou conseils ? Vous avez une question g\u00e9n\u00e9rale, une remarque, une suggestion, un conseil ou vous voyez peut-\u00eatre une erreur quelque part sur le site ? N'h\u00e9sitez pas \u00e0 nous contacter en utilisant le formulaire de contact ci-dessous. Vous pouvez \u00e9galement utiliser ce formulaire pour partager vos exp\u00e9riences ou votre histoire de vie. Si vous le souhaitez, nous les placerons sur le site web. Cela peut se faire de mani\u00e8re anonyme.   Votre...<\/p>","protected":false},"author":1,"featured_media":0,"parent":0,"menu_order":0,"comment_status":"closed","ping_status":"closed","template":"","meta":{"_kad_post_transparent":"default","_kad_post_title":"hide","_kad_post_layout":"narrow","_kad_post_sidebar_id":"","_kad_post_content_style":"default","_kad_post_vertical_padding":"default","_kad_post_feature":"","_kad_post_feature_position":"","_kad_post_header":false,"_kad_post_footer":false,"_kad_post_classname":"","footnotes":""},"class_list":["post-2476","page","type-page","status-publish","hentry"],"_links":{"self":[{"href":"https:\/\/www.addkenmerken.net\/fr\/wp-json\/wp\/v2\/pages\/2476","targetHints":{"allow":["GET"]}}],"collection":[{"href":"https:\/\/www.addkenmerken.net\/fr\/wp-json\/wp\/v2\/pages"}],"about":[{"href":"https:\/\/www.addkenmerken.net\/fr\/wp-json\/wp\/v2\/types\/page"}],"author":[{"embeddable":true,"href":"https:\/\/www.addkenmerken.net\/fr\/wp-json\/wp\/v2\/users\/1"}],"replies":[{"embeddable":true,"href":"https:\/\/www.addkenmerken.net\/fr\/wp-json\/wp\/v2\/comments?post=2476"}],"version-history":[{"count":0,"href":"https:\/\/www.addkenmerken.net\/fr\/wp-json\/wp\/v2\/pages\/2476\/revisions"}],"wp:attachment":[{"href":"https:\/\/www.addkenmerken.net\/fr\/wp-json\/wp\/v2\/media?parent=2476"}],"curies":[{"name":"wp","href":"https:\/\/api.w.org\/{rel}","templated":true}]}}