{"id":523,"date":"2011-12-01T17:00:28","date_gmt":"2011-12-01T16:00:28","guid":{"rendered":"http:\/\/addkenmerken.net\/?page_id=523"},"modified":"2020-09-07T12:44:00","modified_gmt":"2020-09-07T10:44:00","slug":"liens","status":"publish","type":"page","link":"https:\/\/www.addkenmerken.net\/fr\/links\/","title":{"rendered":"Liens"},"content":{"rendered":"<aside class=\"mashsb-container mashsb-main mashsb-stretched\"><div class=\"mashsb-box\"><div class=\"mashsb-buttons\"><a class=\"mashicon-facebook mash-large mash-center mashsb-noshadow\" href=\"https:\/\/www.facebook.com\/sharer.php?u=https%3A%2F%2Fwww.addkenmerken.net%2Ffr%2Flinks%2F%3Futm_source%3Dsharebuttons%26utm_medium%3Dfacebook%26utm_campaign%3Dmashshare\" target=\"_top\" rel=\"nofollow\"><span class=\"icon\"><\/span><span class=\"text\">Partager<\/span><\/a><a class=\"mashicon-twitter mash-large mash-center mashsb-noshadow\" href=\"https:\/\/twitter.com\/intent\/tweet?text=&amp;url=https:\/\/www.addkenmerken.net\/fr\/?p=523&amp;via=krachtvanADHD\" target=\"_top\" rel=\"nofollow\"><span class=\"icon\"><\/span><span class=\"text\">Tweet<\/span><\/a><div class=\"onoffswitch2 mash-large mashsb-noshadow\" style=\"display:none\"><\/div><\/div>\n            <\/div>\n                <div style=\"clear:both\"><\/div><\/aside>\n            <!-- Share buttons by mashshare.net - Version: 4.0.47--><h1 style=\"text-align: center;\">Liens<\/h1>\n<p>Vous trouverez ici des liens vers des blogs informatifs, des sites web, des pratiques, des entra\u00eeneurs et des fondations li\u00e9s au TDA, au TDAH et au HSP. En bas de page, vous trouverez d'autres liens int\u00e9ressants. Int\u00e9ress\u00e9 par un <a href=\"https:\/\/www.addkenmerken.net\/fr\/echange-de-liens\/\">\u00e9change de liens<\/a>Regardez \u00e7a. <a href=\"https:\/\/www.addkenmerken.net\/fr\/echange-de-liens\/\">ici<\/a>.<strong><br \/>\n<\/strong><\/p>\n<p>&nbsp;<\/p>\n<h3><span style=\"color: #000000;\">Blogs ADD \/ ADHD \/ HSP :<\/span><\/h3>\n<ul>\n<li style=\"list-style-type: none;\">\n<ul>\n<li><a href=\"https:\/\/www.addkenmerken.net\/fr\/blog\/\" target=\"_blank\" rel=\"noopener\">The ADD, ADHD, HSP blog - Articles amusants, inspirants et reconnaissables pour et par les TDA, TDAH et HSP.<\/a><\/li>\n<\/ul>\n<ul>\n<li><a title=\"Blog - Asperger et ADD\" href=\"https:\/\/aspergeradd.wordpress.com\/\" target=\"_blank\" rel=\"nofollow noopener\">Blog Asperger ADD - L'exp\u00e9rience de quelqu'un avec les TDA et Asperger<\/a><\/li>\n<\/ul>\n<ul>\n<li><a title=\"Informations sur l&#039;autisme et\/ou le AD(H)D\" href=\"http:\/\/autismeblogs.blogspot.com\/\" target=\"_blank\" rel=\"nofollow noopener\">Blog AD(H)D \/ Autisme - La vie d'une personne atteinte d'AD(H)D et d'autisme<\/a><\/li>\n<\/ul>\n<ul>\n<li><a href=\"https:\/\/adhdwatnu.blogspot.com\/\" target=\"_blank\" rel=\"noopener\">Blog TDAH et maintenant - Vivre avec le TDAH<\/a><\/li>\n<\/ul>\n<\/li>\n<\/ul>\n<p>&nbsp;<\/p>\n<h3>Pratiques, encadrement et fondements<\/h3>\n<ul>\n<li style=\"list-style-type: none;\">\n<ul>\n<li><a href=\"http:\/\/www.hartverwarmendwijs.nl\" target=\"_blank\" rel=\"noopener\">Hartverwarmendwijs.nl (r\u00e9seau qui repr\u00e9sente les besoins r\u00e9els en mati\u00e8re d'\u00e9ducation)<\/a><\/li>\n<li><a href=\"https:\/\/www.add-coaching.nl\/\" target=\"_blank\" rel=\"noopener\">Aide aux adultes atteints de TDA<\/a><\/li>\n<\/ul>\n<\/li>\n<\/ul>\n<p>&nbsp;<\/p>\n<h3>Produit int\u00e9ressant<\/h3>\n<ul>\n<li style=\"list-style-type: none;\">\n<ul>\n<li><a title=\"LTO3 comme alternative \u00e0 la Ritaline\" href=\"https:\/\/www.lto3.nl\/\" target=\"_blank\" rel=\"nofollow noopener\">LTO3 - S'est av\u00e9r\u00e9 \u00eatre un bon compl\u00e9ment naturel<\/a>\n<ul>\n<li style=\"list-style-type: none;\">\n<ul>\n<li style=\"list-style-type: none;\">\n<ul>\n<li><a title=\"Exp\u00e9riences LTO3\" href=\"https:\/\/www.addkenmerken.net\/fr\/experiences-de-lto3\/\" target=\"_blank\" rel=\"noopener\">Consultez ici les exp\u00e9riences LTO3<\/a><\/li>\n<li><a title=\"LTO3 : informations et r\u00e9ponses \u00e0 de nombreuses questions\" href=\"https:\/\/www.addkenmerken.net\/fr\/lto3\/\" target=\"_blank\" rel=\"noopener\">Consultez ici les informations sur le LTO3<\/a><\/li>\n<\/ul>\n<\/li>\n<\/ul>\n<\/li>\n<\/ul>\n<p>&nbsp;<\/li>\n<\/ul>\n<\/li>\n<\/ul>\n<h3>Alimentation<\/h3>\n<ul>\n<li style=\"list-style-type: none;\">\n<ul>\n<li><a title=\"Site web sur la relation entre l&#039;alimentation et le comportement\" href=\"http:\/\/www.relatie-voeding-gedrag.nl\/\" target=\"_blank\" rel=\"noopener\">Alimentation et comportement des relations<\/a><\/li>\n<\/ul>\n<\/li>\n<\/ul>\n<p>&nbsp;<\/p>\n<h3>Autres<\/h3>\n<ul>\n<li style=\"list-style-type: none;\">\n<ul>\n<li><a href=\"http:\/\/www.superdir.nl\" target=\"_blank\" rel=\"noopener\">SuperDir - divers sites web<\/a><\/li>\n<\/ul>\n<\/li>\n<\/ul>\n<p>&nbsp;<\/p>\n<p>&nbsp;<\/p>","protected":false},"excerpt":{"rendered":"<p>Liens Vous trouverez des liens vers des blogs informatifs, des sites web, des pratiques, des entra\u00eeneurs et des fondations li\u00e9s au TDA, au TDAH et au HSP. En bas de page, vous trouverez d'autres liens int\u00e9ressants. Int\u00e9ress\u00e9 par un \u00e9change de liens ? Alors, regardez ici.   Blogs ADD \/ ADHD \/ HSP : Le blog ADD, ADHD, HSP - Des articles amusants, inspirants et reconnaissables pour et par les ADD'ers, ...<\/p>","protected":false},"author":1,"featured_media":0,"parent":0,"menu_order":0,"comment_status":"closed","ping_status":"closed","template":"","meta":{"_kad_post_transparent":"default","_kad_post_title":"hide","_kad_post_layout":"default","_kad_post_sidebar_id":"","_kad_post_content_style":"default","_kad_post_vertical_padding":"default","_kad_post_feature":"","_kad_post_feature_position":"","_kad_post_header":false,"_kad_post_footer":false,"_kad_post_classname":"","footnotes":""},"class_list":["post-523","page","type-page","status-publish","hentry"],"_links":{"self":[{"href":"https:\/\/www.addkenmerken.net\/fr\/wp-json\/wp\/v2\/pages\/523","targetHints":{"allow":["GET"]}}],"collection":[{"href":"https:\/\/www.addkenmerken.net\/fr\/wp-json\/wp\/v2\/pages"}],"about":[{"href":"https:\/\/www.addkenmerken.net\/fr\/wp-json\/wp\/v2\/types\/page"}],"author":[{"embeddable":true,"href":"https:\/\/www.addkenmerken.net\/fr\/wp-json\/wp\/v2\/users\/1"}],"replies":[{"embeddable":true,"href":"https:\/\/www.addkenmerken.net\/fr\/wp-json\/wp\/v2\/comments?post=523"}],"version-history":[{"count":0,"href":"https:\/\/www.addkenmerken.net\/fr\/wp-json\/wp\/v2\/pages\/523\/revisions"}],"wp:attachment":[{"href":"https:\/\/www.addkenmerken.net\/fr\/wp-json\/wp\/v2\/media?parent=523"}],"curies":[{"name":"wp","href":"https:\/\/api.w.org\/{rel}","templated":true}]}}