{"id":6987,"date":"2013-09-01T23:26:31","date_gmt":"2013-09-01T21:26:31","guid":{"rendered":"http:\/\/www.addkenmerken.net\/?page_id=6987"},"modified":"2020-09-09T09:39:43","modified_gmt":"2020-09-09T07:39:43","slug":"clause-de-non-responsabilite","status":"publish","type":"page","link":"https:\/\/www.addkenmerken.net\/fr\/disclaimer\/","title":{"rendered":"D\u00e9charge de responsabilit\u00e9"},"content":{"rendered":"<aside class=\"mashsb-container mashsb-main mashsb-stretched\"><div class=\"mashsb-box\"><div class=\"mashsb-buttons\"><a class=\"mashicon-facebook mash-large mash-center mashsb-noshadow\" href=\"https:\/\/www.facebook.com\/sharer.php?u=https%3A%2F%2Fwww.addkenmerken.net%2Ffr%2Fdisclaimer%2F%3Futm_source%3Dsharebuttons%26utm_medium%3Dfacebook%26utm_campaign%3Dmashshare\" target=\"_top\" rel=\"nofollow\"><span class=\"icon\"><\/span><span class=\"text\">Partager<\/span><\/a><a class=\"mashicon-twitter mash-large mash-center mashsb-noshadow\" href=\"https:\/\/twitter.com\/intent\/tweet?text=&amp;url=https:\/\/www.addkenmerken.net\/fr\/?p=6987&amp;via=krachtvanADHD\" target=\"_top\" rel=\"nofollow\"><span class=\"icon\"><\/span><span class=\"text\">Tweet<\/span><\/a><div class=\"onoffswitch2 mash-large mashsb-noshadow\" style=\"display:none\"><\/div><\/div>\n            <\/div>\n                <div style=\"clear:both\"><\/div><\/aside>\n            <!-- Share buttons by mashshare.net - Version: 4.0.47--><h1 style=\"text-align: center;\">D\u00e9charge de responsabilit\u00e9<\/h1>\n<p>Les informations contenues dans le site Internet addkenmerken.net sont r\u00e9guli\u00e8rement mises \u00e0 jour et\/ou modifi\u00e9es. L'auteur se r\u00e9serve le droit d'apporter toute modification avec effet imm\u00e9diat et sans pr\u00e9avis.<\/p>\n<p>Les informations pr\u00e9sent\u00e9es sur ce site sont r\u00e9dig\u00e9es avec un soin et une attention constants, mais il est possible que les informations publi\u00e9es sur le site soient incompl\u00e8tes et\/ou incorrectes.<\/p>\n<p>Bien que l'administrateur fasse tout son possible pour \u00e9viter les abus, il n'est pas responsable des informations et\/ou des messages envoy\u00e9s par les utilisateurs du site via Internet.<\/p>\n<p>Certains (hyper)liens sur ce site conduisent \u00e0 des sites Web en dehors du domaine de addkenmerken.net qui ne sont pas la propri\u00e9t\u00e9 de addkenmerken.net, mais qui sont inclus pour l'information du visiteur. Si vous cliquez sur ces liens, vous quitterez le site Web de addkenmerken.net. Bien que addkenmerken.net soit tr\u00e8s s\u00e9lectif en ce qui concerne les sites mentionn\u00e9s, il ne peut pas garantir le contenu et le fonctionnement de ceux-ci, ni la qualit\u00e9 des produits ou services offerts sur ces sites. Toute responsabilit\u00e9 pour le contenu des sites Web non g\u00e9r\u00e9s par addkenmerken.net est rejet\u00e9e.<\/p>\n<p>Aucun droit ne peut \u00eatre tir\u00e9 des conseils donn\u00e9s sur addkenmerken.net. Consultez toujours un m\u00e9decin et\/ou un expert en cas de troubles psychologiques et\/ou physiques. Les conseils sur addkenmerken.net ne sont pas destin\u00e9s \u00e0 rem\u00e9dier \u00e0 des troubles psychologiques et\/ou physiques, mais servent d'information et de soutien. Veuillez consulter un expert (m\u00e9dical). addkenmerken.net exclut toute responsabilit\u00e9 pour tout dommage direct ou indirect, de quelque nature que ce soit, d\u00e9coulant du contenu d\u00e9velopp\u00e9 par l'auteur sur le site web ou y \u00e9tant li\u00e9 de quelque mani\u00e8re que ce soit.<\/p>\n<p>Les informations figurant sur www.addkenmerken.net sont prot\u00e9g\u00e9es par des droits d'auteur. L'information ne peut \u00eatre copi\u00e9e, publi\u00e9e ou distribu\u00e9e de quelque mani\u00e8re que ce soit. Lorsque vous avez re\u00e7u l'autorisation de publier un contenu sur www.addkenmerken.net, vous devez \u00e0 tout moment placer un lien vers la source avec un texte d'ancrage dont le titre correspond bien aux informations obtenues sur addkenmerken.net.<\/p>\n<p>Pour une description compl\u00e8te des droits d'auteur, veuillez consulter <strong><a title=\"Copyright\" href=\"https:\/\/www.addkenmerken.net\/fr\/copyright\/\" target=\"_blank\" rel=\"noopener\">ici<\/a><\/strong>.<\/p>\n<p>&nbsp;<\/p>","protected":false},"excerpt":{"rendered":"<p>Disclaimer De informatie op de website addkenmerken.net wordt geregeld aangevuld en\/of aangepast. De auteur behoudt zich het recht voor om eventuele wijzigingen met onmiddellijke ingang en zonder enige kennisgeving door te voeren. De op deze website getoonde informatie wordt met constante zorg en aandacht geschreven. Desalniettemin is het mogelijk dat informatie die op de site&#8230;<\/p>","protected":false},"author":1,"featured_media":0,"parent":0,"menu_order":0,"comment_status":"closed","ping_status":"closed","template":"","meta":{"_kad_post_transparent":"default","_kad_post_title":"hide","_kad_post_layout":"narrow","_kad_post_sidebar_id":"","_kad_post_content_style":"default","_kad_post_vertical_padding":"default","_kad_post_feature":"","_kad_post_feature_position":"","_kad_post_header":false,"_kad_post_footer":false,"_kad_post_classname":"","footnotes":""},"class_list":["post-6987","page","type-page","status-publish","hentry"],"_links":{"self":[{"href":"https:\/\/www.addkenmerken.net\/fr\/wp-json\/wp\/v2\/pages\/6987","targetHints":{"allow":["GET"]}}],"collection":[{"href":"https:\/\/www.addkenmerken.net\/fr\/wp-json\/wp\/v2\/pages"}],"about":[{"href":"https:\/\/www.addkenmerken.net\/fr\/wp-json\/wp\/v2\/types\/page"}],"author":[{"embeddable":true,"href":"https:\/\/www.addkenmerken.net\/fr\/wp-json\/wp\/v2\/users\/1"}],"replies":[{"embeddable":true,"href":"https:\/\/www.addkenmerken.net\/fr\/wp-json\/wp\/v2\/comments?post=6987"}],"version-history":[{"count":0,"href":"https:\/\/www.addkenmerken.net\/fr\/wp-json\/wp\/v2\/pages\/6987\/revisions"}],"wp:attachment":[{"href":"https:\/\/www.addkenmerken.net\/fr\/wp-json\/wp\/v2\/media?parent=6987"}],"curies":[{"name":"wp","href":"https:\/\/api.w.org\/{rel}","templated":true}]}}