{"id":6989,"date":"2013-09-01T23:30:29","date_gmt":"2013-09-01T21:30:29","guid":{"rendered":"http:\/\/www.addkenmerken.net\/?page_id=6989"},"modified":"2020-09-03T19:00:58","modified_gmt":"2020-09-03T17:00:58","slug":"copyright","status":"publish","type":"page","link":"https:\/\/www.addkenmerken.net\/fr\/copyright\/","title":{"rendered":"Copyright"},"content":{"rendered":"<aside class=\"mashsb-container mashsb-main mashsb-stretched\"><div class=\"mashsb-box\"><div class=\"mashsb-buttons\"><a class=\"mashicon-facebook mash-large mash-center mashsb-noshadow\" href=\"https:\/\/www.facebook.com\/sharer.php?u=https%3A%2F%2Fwww.addkenmerken.net%2Ffr%2Fcopyright%2F%3Futm_source%3Dsharebuttons%26utm_medium%3Dfacebook%26utm_campaign%3Dmashshare\" target=\"_top\" rel=\"nofollow\"><span class=\"icon\"><\/span><span class=\"text\">Partager<\/span><\/a><a class=\"mashicon-twitter mash-large mash-center mashsb-noshadow\" href=\"https:\/\/twitter.com\/intent\/tweet?text=&amp;url=https:\/\/www.addkenmerken.net\/fr\/?p=6989&amp;via=krachtvanADHD\" target=\"_top\" rel=\"nofollow\"><span class=\"icon\"><\/span><span class=\"text\">Tweet<\/span><\/a><div class=\"onoffswitch2 mash-large mashsb-noshadow\" style=\"display:none\"><\/div><\/div>\n            <\/div>\n                <div style=\"clear:both\"><\/div><\/aside>\n            <!-- Share buttons by mashshare.net - Version: 4.0.47--><h1 style=\"text-align: center;\">Copyright<\/h1>\n<p>Les informations figurant sur www.addkenmerken.net sont soumises au droit d'auteur. Elles ne peuvent \u00eatre copi\u00e9es, publi\u00e9es ou distribu\u00e9es de quelque mani\u00e8re que ce soit. Vous n'\u00eates donc pas autoris\u00e9 \u00e0 copier le site ou des parties de celui-ci et \u00e0 le distribuer vous-m\u00eame, par exemple au moyen de votre propre site web, sans autorisation \u00e9crite explicite. Vous pouvez utiliser le formulaire de contact \u00e0 cet effet.<\/p>\n<p>Le partage de contenu sur www.addkenmerken.net via des r\u00e9seaux sociaux tels que like (facebook) ou tweet (Twitter) est bien s\u00fbr autoris\u00e9. Bien entendu, vous pouvez aussi simplement partager l'url d'une page sur www.addkenmerken.net de toutes les mani\u00e8res possibles, par exemple via les r\u00e9seaux sociaux, les forums, les chats, etc. La cr\u00e9ation de liens vers addkenmerken.net est tr\u00e8s appr\u00e9ci\u00e9e et peut \u00e9galement \u00eatre effectu\u00e9e par <strong><a title=\"\u00c9change de liens avec ADD features.net\" href=\"https:\/\/www.addkenmerken.net\/fr\/echange-de-liens\/\">\u00e9change de liens<\/a><\/strong> \u00eatre fait.<\/p>\n<h2><span style=\"color: #000000;\">Copie du texte de addcharacteristics.net<\/span><\/h2>\n<p>Lorsque vous avez re\u00e7u l'autorisation de publier un contenu que vous avez trouv\u00e9 sur www.addkenmerken.net, nous vous demandons de terminer ces textes par une mention correcte, clairement visible et cliquable de la source. Cette mention de la source doit r\u00e9pondre aux exigences suivantes :<\/p>\n<ul>\n<li>La source porte le titre \"www.addkenmerken.net\".<\/li>\n<li>Le titre est un hyperlien cliquable qui renvoie \u00e0 l'article original sur www.addkenmerken.net.<\/li>\n<li>Vous pouvez \u00e9galement cr\u00e9er un lien avec 2 mots-cl\u00e9s de l'article vers l'article original.<\/li>\n<li>Le lien ou le site web ne doit pas contenir d'\u00e9l\u00e9ments qui emp\u00eachent les visiteurs et les moteurs de recherche de suivre le lien, de sorte que l'utilisation de la balise \"rel='nofollow\" n'est pas autoris\u00e9e.<\/li>\n<li>Le lien contient une balise de titre descriptive.<\/li>\n<\/ul>\n<p>&nbsp;<\/p>","protected":false},"excerpt":{"rendered":"<p>Copyright Op de informatie op www.addkenmerken.net\u00a0is copyright van toepassing. De informatie mag niet worden gekopieerd, gepubliceerd of verspreid op welke wijze dan ook. U bent daarom niet bevoegd om de site of gedeelten daarvan te kopi\u00ebren en zelf te gaan verspreiden bijvoorbeeld d.m.v. uw eigen website zonder uitdrukkelijke schriftelijke toestemming. Je kunt daarvoor gebruik maken&#8230;<\/p>","protected":false},"author":1,"featured_media":0,"parent":0,"menu_order":0,"comment_status":"closed","ping_status":"closed","template":"","meta":{"_kad_post_transparent":"default","_kad_post_title":"hide","_kad_post_layout":"narrow","_kad_post_sidebar_id":"","_kad_post_content_style":"default","_kad_post_vertical_padding":"default","_kad_post_feature":"","_kad_post_feature_position":"","_kad_post_header":false,"_kad_post_footer":false,"_kad_post_classname":"","footnotes":""},"class_list":["post-6989","page","type-page","status-publish","hentry"],"_links":{"self":[{"href":"https:\/\/www.addkenmerken.net\/fr\/wp-json\/wp\/v2\/pages\/6989","targetHints":{"allow":["GET"]}}],"collection":[{"href":"https:\/\/www.addkenmerken.net\/fr\/wp-json\/wp\/v2\/pages"}],"about":[{"href":"https:\/\/www.addkenmerken.net\/fr\/wp-json\/wp\/v2\/types\/page"}],"author":[{"embeddable":true,"href":"https:\/\/www.addkenmerken.net\/fr\/wp-json\/wp\/v2\/users\/1"}],"replies":[{"embeddable":true,"href":"https:\/\/www.addkenmerken.net\/fr\/wp-json\/wp\/v2\/comments?post=6989"}],"version-history":[{"count":0,"href":"https:\/\/www.addkenmerken.net\/fr\/wp-json\/wp\/v2\/pages\/6989\/revisions"}],"wp:attachment":[{"href":"https:\/\/www.addkenmerken.net\/fr\/wp-json\/wp\/v2\/media?parent=6989"}],"curies":[{"name":"wp","href":"https:\/\/api.w.org\/{rel}","templated":true}]}}