{"id":6993,"date":"2013-09-01T23:53:12","date_gmt":"2013-09-01T21:53:12","guid":{"rendered":"http:\/\/www.addkenmerken.net\/?page_id=6993"},"modified":"2020-09-09T09:43:35","modified_gmt":"2020-09-09T07:43:35","slug":"vie-privee","status":"publish","type":"page","link":"https:\/\/www.addkenmerken.net\/fr\/privacy\/","title":{"rendered":"Vie priv\u00e9e"},"content":{"rendered":"<aside class=\"mashsb-container mashsb-main mashsb-stretched\"><div class=\"mashsb-box\"><div class=\"mashsb-buttons\"><a class=\"mashicon-facebook mash-large mash-center mashsb-noshadow\" href=\"https:\/\/www.facebook.com\/sharer.php?u=https%3A%2F%2Fwww.addkenmerken.net%2Ffr%2Fprivacy%2F%3Futm_source%3Dsharebuttons%26utm_medium%3Dfacebook%26utm_campaign%3Dmashshare\" target=\"_top\" rel=\"nofollow\"><span class=\"icon\"><\/span><span class=\"text\">Partager<\/span><\/a><a class=\"mashicon-twitter mash-large mash-center mashsb-noshadow\" href=\"https:\/\/twitter.com\/intent\/tweet?text=&amp;url=https:\/\/www.addkenmerken.net\/fr\/?p=6993&amp;via=krachtvanADHD\" target=\"_top\" rel=\"nofollow\"><span class=\"icon\"><\/span><span class=\"text\">Tweet<\/span><\/a><div class=\"onoffswitch2 mash-large mashsb-noshadow\" style=\"display:none\"><\/div><\/div>\n            <\/div>\n                <div style=\"clear:both\"><\/div><\/aside>\n            <!-- Share buttons by mashshare.net - Version: 4.0.47--><h1 style=\"text-align: center;\">Vie priv\u00e9e<\/h1>\n<p>ADDkenmerken.net prend votre vie priv\u00e9e au s\u00e9rieux. Les donn\u00e9es telles que le nom et l'adresse \u00e9lectronique et autres informations similaires que vous saisissez sur le site web seront trait\u00e9es de mani\u00e8re confidentielle.<\/p>\n<p>Par exemple, vous pouvez entrer vos coordonn\u00e9es dans le livre d'or, le formulaire de contact, le formulaire d'inscription \u00e0 la newsletter et lorsque vous laissez un commentaire sous un article. Si vous entrez un nom dans le livre d'or ou si vous laissez un commentaire sous un article, ce nom sera publi\u00e9 sur le site. Toutefois, vous pouvez choisir de ne pas utiliser votre propre nom afin de rester anonyme. Votre adresse \u00e9lectronique ne sera pas partag\u00e9e avec des tiers mais stock\u00e9e sur le serveur. En cas de question ou de plainte, par exemple, nous pouvons vous contacter. Votre adresse IP sera \u00e9galement stock\u00e9e.<\/p>\n<p>Vous pouvez vous abonner \u00e0 la lettre d'information \u00e0 diff\u00e9rents endroits sur notre site web. Ce bulletin d'information est envoy\u00e9 chaque semaine le lundi et de temps en temps, vous pouvez recevoir un courriel suppl\u00e9mentaire lors d'un \u00e9v\u00e9nement sp\u00e9cial ou d'une actualit\u00e9. Toutefois, lorsque vous vous inscrivez \u00e0 la lettre d'information gratuite, vous recevez d'abord un lien de confirmation \u00e0 l'adresse \u00e9lectronique fournie. Vous n'\u00eates r\u00e9ellement abonn\u00e9 \u00e0 la lettre d'information que lorsque vous cliquez sur ce lien de confirmation dans le courriel. Il s'agit d'une s\u00e9curit\u00e9 suppl\u00e9mentaire qui nous permet de nous assurer que vous vous \u00eates inscrit et que personne d'autre ne l'a fait pour vous. Nous nous assurons ainsi de ne pas vous envoyer de courriels ind\u00e9sirables.<\/p>\n<p>Dans chaque lettre d'information, vous trouverez une option de d\u00e9sabonnement en bas de page. En cliquant sur ce lien, vous vous d\u00e9sabonnerez de la lettre d'information et ne la recevrez donc plus. Pour les abonnements \u00e0 la lettre d'information, le nom que vous indiquez sera utilis\u00e9 comme salutation dans la lettre d'information. Par exemple : \"Bonjour Pete, voici une nouvelle lettre d'information\". Vous pouvez indiquer le nom de votre choix dans le formulaire d'abonnement. Votre nom, votre adresse \u00e9lectronique et votre adresse IP sont enregistr\u00e9s.<\/p>\n<p>www.addkenmerken.net utilise des cookies. Ces cookies sont utilis\u00e9s pour une exp\u00e9rience optimale de l'utilisateur de addkenmerken.net. Par exemple, vous n'avez pas \u00e0 saisir \u00e0 nouveau votre nom et votre adresse \u00e9lectronique si vous l'avez d\u00e9j\u00e0 fait lorsque vous avez publi\u00e9 un commentaire sous un article. Les cookies sont \u00e9galement utilis\u00e9s par des parties externes pour retracer l'origine d'un clic. Ces parties comprennent Google, Facebook et Twitter. Ces cookies ne contiennent aucune donn\u00e9e personnelle et sont totalement anonymes.<\/p>\n<p>Le site est \u00e9galement reli\u00e9 \u00e0 Google Analytics. Gr\u00e2ce \u00e0 Google Analytics, nous pouvons suivre diverses statistiques sur le site web, comme le nombre de visiteurs, la dur\u00e9e d'activit\u00e9 des visiteurs sur notre site et les pages visit\u00e9es. Ces donn\u00e9es sont totalement anonymes et purement destin\u00e9es \u00e0 am\u00e9liorer le site web.<\/p>\n<p>En acc\u00e9dant \u00e0 notre site web www.addkenmerken.net, vous acceptez notre politique de confidentialit\u00e9.<\/p>\n<p>&nbsp;<\/p>","protected":false},"excerpt":{"rendered":"<p>Privacy ADDkenmerken.net neemt uw privacy graag serieus. Gegevens zoals naam en e-mailadres en dergelijke informatie die u op de website invult worden vertrouwelijk behandeld. U kunt uw gegevens bijvoorbeeld invullen in het gastenboek, het contactformulier, het aanmeldformulier voor de nieuwsbrief en wanneer u een reactie achterlaat onder een artikel. Indien u een naam invult in&#8230;<\/p>","protected":false},"author":1,"featured_media":0,"parent":0,"menu_order":0,"comment_status":"closed","ping_status":"open","template":"","meta":{"_kad_post_transparent":"default","_kad_post_title":"hide","_kad_post_layout":"narrow","_kad_post_sidebar_id":"","_kad_post_content_style":"default","_kad_post_vertical_padding":"default","_kad_post_feature":"","_kad_post_feature_position":"","_kad_post_header":false,"_kad_post_footer":false,"_kad_post_classname":"","footnotes":""},"class_list":["post-6993","page","type-page","status-publish","hentry"],"_links":{"self":[{"href":"https:\/\/www.addkenmerken.net\/fr\/wp-json\/wp\/v2\/pages\/6993","targetHints":{"allow":["GET"]}}],"collection":[{"href":"https:\/\/www.addkenmerken.net\/fr\/wp-json\/wp\/v2\/pages"}],"about":[{"href":"https:\/\/www.addkenmerken.net\/fr\/wp-json\/wp\/v2\/types\/page"}],"author":[{"embeddable":true,"href":"https:\/\/www.addkenmerken.net\/fr\/wp-json\/wp\/v2\/users\/1"}],"replies":[{"embeddable":true,"href":"https:\/\/www.addkenmerken.net\/fr\/wp-json\/wp\/v2\/comments?post=6993"}],"version-history":[{"count":0,"href":"https:\/\/www.addkenmerken.net\/fr\/wp-json\/wp\/v2\/pages\/6993\/revisions"}],"wp:attachment":[{"href":"https:\/\/www.addkenmerken.net\/fr\/wp-json\/wp\/v2\/media?parent=6993"}],"curies":[{"name":"wp","href":"https:\/\/api.w.org\/{rel}","templated":true}]}}