{"id":8012,"date":"2014-01-15T22:32:11","date_gmt":"2014-01-15T21:32:11","guid":{"rendered":"http:\/\/www.addkenmerken.net\/?page_id=8012"},"modified":"2020-09-01T23:32:15","modified_gmt":"2020-09-01T21:32:15","slug":"bulletin-dinformation-inscription-confirme","status":"publish","type":"page","link":"https:\/\/www.addkenmerken.net\/fr\/nieuwsbrief-aanmelding-bevestigd\/","title":{"rendered":"Abonnement \u00e0 la newsletter confirm\u00e9"},"content":{"rendered":"<aside class=\"mashsb-container mashsb-main mashsb-stretched\"><div class=\"mashsb-box\"><div class=\"mashsb-count mash-large\" style=\"float:left\"><div class=\"counts mashsbcount\">340<\/div><span class=\"mashsb-sharetext\">temps partag\u00e9<\/span><\/div><div class=\"mashsb-buttons\"><a class=\"mashicon-facebook mash-large mash-center mashsb-noshadow\" href=\"https:\/\/www.facebook.com\/sharer.php?u=https%3A%2F%2Fwww.addkenmerken.net%2Ffr%2Fnieuwsbrief-aanmelding-bevestigd%2F%3Futm_source%3Dsharebuttons%26utm_medium%3Dfacebook%26utm_campaign%3Dmashshare\" target=\"_top\" rel=\"nofollow\"><span class=\"icon\"><\/span><span class=\"text\">Partager<\/span><\/a><a class=\"mashicon-twitter mash-large mash-center mashsb-noshadow\" href=\"https:\/\/twitter.com\/intent\/tweet?text=&amp;url=https:\/\/www.addkenmerken.net\/fr\/?p=8012&amp;via=krachtvanADHD\" target=\"_top\" rel=\"nofollow\"><span class=\"icon\"><\/span><span class=\"text\">Tweet<\/span><\/a><div class=\"onoffswitch2 mash-large mashsb-noshadow\" style=\"display:none\"><\/div><\/div>\n            <\/div>\n                <div style=\"clear:both\"><\/div><\/aside>\n            <!-- Share buttons by mashshare.net - Version: 4.0.47--><h2 style=\"text-align: center;\">C'est bien que vous vous soyez inscrit \u00e0 la newsletter !<\/h2>\n<p>&nbsp;<\/p>\n<h3 style=\"text-align: center;\"><span style=\"color: #008000;\"><strong>Un courriel vous est maintenant envoy\u00e9 en route avec les deux cadeaux. Soyez patients ;) cela peut prendre quelques minutes...<\/strong><\/span><\/h3>\n<p>&nbsp;<\/p>\n<p>Vous \u00eates venu sur cette page parce que vous vous \u00eates inscrit \u00e0 la newsletter quelque part sur addkenmerken.net. Nous vous avons ensuite envoy\u00e9 un lien de confirmation \u00e0 l'adresse \u00e9lectronique que vous avez fournie. Vous avez ensuite cliqu\u00e9 sur ce lien et avez \u00e9t\u00e9 redirig\u00e9 vers cette page. Vous \u00eates maintenant officiellement inscrit \u00e0 la lettre d'information et vous recevrez chaque semaine un courriel contenant des nouvelles, des informations, des conseils et des astuces. Parfois, nous vous enverrons un courriel occasionnel avec des nouvelles suppl\u00e9mentaires.<\/p>\n<p style=\"text-align: center;\"><a title=\"Conseils et astuces gratuits pour votre vie quotidienne avec le TDA, le TDAH et le HSP\" href=\"https:\/\/www.addkenmerken.net\/fr\/bulletin-dinformation\/\" target=\"_blank\" rel=\"noopener\">Vous n'\u00eates pas encore abonn\u00e9 \u00e0 la lettre d'information ? C'est possible ici...<\/a><\/p>\n<p style=\"text-align: center;\"><strong>VEUILLEZ NOTER !<\/strong> Utilisez-vous le programme de courrier \u00e9lectronique en ligne \"Gmail\" ? Il est alors fort probable que le courrier \u00e9lectronique arrive dans le dossier \"publicit\u00e9\". Aujourd'hui, Gmail place par d\u00e9faut toutes les lettres d'information dans ce dossier. Jetez donc un coup d'\u0153il dans le dossier \"publicit\u00e9\". Si vous faites glisser cet e-mail dans le dossier \"principal\" et que vous cliquez ensuite sur \"oui\" en haut de l'\u00e9cran (cela indique que vous voulez toujours recevoir mes e-mails dans le dossier \"principal\" \u00e0 partir de maintenant), vous recevrez toujours les e-mails \u00e0 venir avec des conseils et des astuces dans votre bo\u00eete de r\u00e9ception.<\/p>\n<p style=\"text-align: center;\">Pour l'instant, n'h\u00e9sitez pas \u00e0 jeter un coup d'\u0153il ici sur le site web. Des articles contenant de nombreuses informations, inspirations et conseils concernant <a href=\"https:\/\/www.addkenmerken.net\/fr\/ajouter-des-symptomes\/\">AJOUTER<\/a>, <a href=\"https:\/\/www.addkenmerken.net\/fr\/caracteristiques-des-troubles-de-lattention\/\">ADHD<\/a> et <a href=\"https:\/\/www.addkenmerken.net\/fr\/personne-tres-sensible-hsp\/\">HSP<\/a> que vous trouverez en haut du menu. Vous pouvez peut-\u00eatre utiliser cela aussi pour l'\u00e9nergie positive. V\u00e9rifiez :<\/p>\n<p style=\"text-align: center;\"><strong><a title=\"10 avantages du TDA et du TDAH\" href=\"https:\/\/www.addkenmerken.net\/fr\/10-avantages-de-la-toxicomanie-et-du-trouble-deficitaire-de-lattention\/\" target=\"_blank\" rel=\"noopener\">&gt; 10 beaux avantages du TDA et du TDAH<\/a><\/strong><\/p>\n<p style=\"text-align: center;\">Ou peut-\u00eatre aimeriez-vous d'abord en savoir plus sur moi ? Cliquez ensuite sur <a title=\"\u00c0 propos de moi et du site web ADDkenmerken.net\" href=\"https:\/\/www.addkenmerken.net\/fr\/a-propos-du-site-web-ajouter-des-fonctionnalites\/\" target=\"_blank\" rel=\"noopener\">ici pour la page \u00e0 propos de moi<\/a><\/p>\n<p style=\"text-align: center;\">Merci de vous \u00eatre inscrit et \u00e0 bient\u00f4t !<\/p>\n<p style=\"text-align: center;\">Salutations, Jochem<a href=\"https:\/\/www.facebook.com\/ADDADHDHSP\" target=\"_blank\" rel=\"noopener\" data-cke-saved-href=\"https:\/\/www.facebook.com\/ADDADHDHSP\" data-cke-saved-><br \/>\n<\/a><\/p>\n<p style=\"text-align: center;\">P.s : Etes-vous d\u00e9j\u00e0 un fan de \"ADD, ADHD, HSP - Stand in your power\" ? <a title=\"ADD, ADHD, HSP - Mettez-vous au pouvoir Page Facebook\" href=\"https:\/\/www.facebook.com\/ADDADHDHSP\" target=\"_blank\" rel=\"noopener\">Page Facebook<\/a>?<\/p>\n<p>&nbsp;<\/p>\n<p>&nbsp;<\/p>\n<p>&nbsp;<\/p>","protected":false},"excerpt":{"rendered":"<p>Leuk dat je je hebt aangemeld voor de nieuwsbrief! &nbsp; Er is nu een e-mail naar je onderweg met de 2 cadeautjes.\u00a0Heb even geduld ;) dit kan een paar minuten duren&#8230; &nbsp; Je bent op deze pagina terecht gekomen omdat je je op addkenmerken.net ergens hebt aangemeld voor de nieuwsbrief. Wij hebben je toen een&#8230;<\/p>","protected":false},"author":1,"featured_media":0,"parent":0,"menu_order":0,"comment_status":"open","ping_status":"open","template":"","meta":{"_kad_post_transparent":"default","_kad_post_title":"hide","_kad_post_layout":"default","_kad_post_sidebar_id":"","_kad_post_content_style":"default","_kad_post_vertical_padding":"default","_kad_post_feature":"","_kad_post_feature_position":"","_kad_post_header":false,"_kad_post_footer":false,"_kad_post_classname":"","footnotes":""},"class_list":["post-8012","page","type-page","status-publish","hentry"],"_links":{"self":[{"href":"https:\/\/www.addkenmerken.net\/fr\/wp-json\/wp\/v2\/pages\/8012","targetHints":{"allow":["GET"]}}],"collection":[{"href":"https:\/\/www.addkenmerken.net\/fr\/wp-json\/wp\/v2\/pages"}],"about":[{"href":"https:\/\/www.addkenmerken.net\/fr\/wp-json\/wp\/v2\/types\/page"}],"author":[{"embeddable":true,"href":"https:\/\/www.addkenmerken.net\/fr\/wp-json\/wp\/v2\/users\/1"}],"replies":[{"embeddable":true,"href":"https:\/\/www.addkenmerken.net\/fr\/wp-json\/wp\/v2\/comments?post=8012"}],"version-history":[{"count":0,"href":"https:\/\/www.addkenmerken.net\/fr\/wp-json\/wp\/v2\/pages\/8012\/revisions"}],"wp:attachment":[{"href":"https:\/\/www.addkenmerken.net\/fr\/wp-json\/wp\/v2\/media?parent=8012"}],"curies":[{"name":"wp","href":"https:\/\/api.w.org\/{rel}","templated":true}]}}